{"id":201,"date":"2017-04-30T18:18:55","date_gmt":"2017-04-30T18:18:55","guid":{"rendered":"http:\/\/wp.mara.kz\/comrepair\/?page_id=201"},"modified":"2024-07-19T18:40:36","modified_gmt":"2024-07-19T16:40:36","slug":"contacte","status":"publish","type":"page","link":"https:\/\/nathalieleumassi.com\/index.php\/contacte\/","title":{"rendered":"Contactez nous"},"content":{"rendered":"<section class=\"wpb-content-wrapper\"><p>[vc_row full_width=&#8221;stretch_row&#8221; css=&#8221;.vc_custom_1720777802346{margin-top: 50px !important;}&#8221; el_id=&#8221;image-row&#8221;][vc_column width=&#8221;1\/12&#8243; offset=&#8221;vc_hidden-sm vc_hidden-xs&#8221;][\/vc_column][vc_column width=&#8221;1\/3&#8243; offset=&#8221;vc_col-md-3&#8243;][vc_column_text el_class=&#8221;text-page-contact&#8221;]Vous cherchez une <strong>tenue<\/strong> pour un <strong>\u00e9v\u00e9nement sp\u00e9cifique<\/strong> (<strong>Robe de soir\u00e9e<\/strong>, <strong>Caftan<\/strong>, <strong>abaya<\/strong>, <strong>takchita<\/strong> et autres\u2026) ? Vous avez trouv\u00e9 la <strong>tenue de vos r\u00eaves<\/strong> mais vous ne savez pas <strong>quelle taille commander<\/strong> ? Vous avez trouv\u00e9 \u00ab <strong>LA Robe<\/strong> \u00bb, mais nous n&#8217;avons pas la <strong>taille<\/strong> ou la <strong>couleur<\/strong> qu&#8217;il vous faut ? Vous avez une <strong>tenue<\/strong>, un <strong>style<\/strong> que vous d\u00e9sirez <strong>reproduire<\/strong> pour vous rendre encore plus <strong>irr\u00e9sistible<\/strong>. <strong>Contactez-nous<\/strong> pour tous vos besoins !<br \/>\n<strong>Nathalie Leumassi Couture<\/strong> est votre <strong>Styliste Mod\u00e9liste au Maroc<\/strong>.[\/vc_column_text][vc_separator el_class=&#8221;phone-contact&#8221;][vc_column_text el_class=&#8221;phone-contact&#8221;]<\/p>\n<h5 style=\"text-align: left;\">Phone<\/h5>\n<p style=\"text-align: left;\">+212 6 333-44-55<br \/>\n+212 5333-44-66<\/p>\n<p>[\/vc_column_text][vc_separator][vc_column_text el_class=&#8221;adresse-contact&#8221;]<\/p>\n<h5 style=\"text-align: left;\">Addresse<\/h5>\n<p>En face du jardin des Majorelle, Marrakech, xxxxx[\/vc_column_text][vc_separator][vc_column_text el_class=&#8221;email-contact&#8221;]<\/p>\n<h5 style=\"text-align: left;\">Email<\/h5>\n<p>Contact@nathalieLC.com[\/vc_column_text][\/vc_column][vc_column width=&#8221;3\/5&#8243; css=&#8221;.vc_custom_1720891769004{background-position: center !important;background-repeat: no-repeat !important;background-size: cover !important;}&#8221;][vc_single_image image=&#8221;2619&#8243; img_size=&#8221;1000*1000&#8243; css=&#8221;.vc_custom_1721406123567{margin-top: -30px !important;border-top-width: -15px !important;padding-top: -5px !important;}&#8221; el_class=&#8221;image-contact&#8221;][\/vc_column][\/vc_row][vc_row css=&#8221;.vc_custom_1501347455832{background-color: #f8f8f8 !important;}&#8221;][vc_column width=&#8221;1\/6&#8243; offset=&#8221;vc_col-md-3 vc_hidden-xs&#8221;][\/vc_column][vc_column width=&#8221;2\/3&#8243; offset=&#8221;vc_col-md-6&#8243;]\n<div class=\"wpcf7 no-js\" id=\"wpcf7-f205-o1\" lang=\"en-US\" dir=\"ltr\">\n<div class=\"screen-reader-response\"><p role=\"status\" aria-live=\"polite\" aria-atomic=\"true\"><\/p> <ul><\/ul><\/div>\n<form action=\"\/index.php\/wp-json\/wp\/v2\/pages\/201#wpcf7-f205-o1\" method=\"post\" class=\"wpcf7-form init\" aria-label=\"Contact form\" novalidate=\"novalidate\" data-status=\"init\">\n<div style=\"display: none;\">\n<input type=\"hidden\" name=\"_wpcf7\" value=\"205\" \/>\n<input type=\"hidden\" name=\"_wpcf7_version\" value=\"5.9.6\" \/>\n<input type=\"hidden\" name=\"_wpcf7_locale\" value=\"en_US\" \/>\n<input type=\"hidden\" name=\"_wpcf7_unit_tag\" value=\"wpcf7-f205-o1\" \/>\n<input type=\"hidden\" name=\"_wpcf7_container_post\" value=\"0\" \/>\n<input type=\"hidden\" name=\"_wpcf7_posted_data_hash\" value=\"\" \/>\n<\/div>\n<h2 class=\"font-weight-normal text-center\">Send us a message\n<\/h2>\n<p class=\"form-notes\"><br \/>\nYour email address will not be published.<br \/>\nRequired fields are marked *\n<\/p>\n<p><label for=\"name-field\" class=\"screen-reader-text\">Name *<\/label><span class=\"wpcf7-form-control-wrap\" data-name=\"your-name\"><input size=\"40\" maxlength=\"80\" class=\"wpcf7-form-control wpcf7-text wpcf7-validates-as-required\" id=\"name-field\" aria-required=\"true\" aria-invalid=\"false\" placeholder=\"Name *\" value=\"\" type=\"text\" name=\"your-name\" \/><\/span>\n<\/p>\n<p><label for=\"email-field\" class=\"screen-reader-text\">Email *<\/label><span class=\"wpcf7-form-control-wrap\" data-name=\"your-email\"><input size=\"40\" maxlength=\"80\" class=\"wpcf7-form-control wpcf7-email wpcf7-validates-as-required wpcf7-text wpcf7-validates-as-email\" id=\"email-field\" aria-required=\"true\" aria-invalid=\"false\" placeholder=\"Email *\" value=\"\" type=\"email\" name=\"your-email\" \/><\/span>\n<\/p>\n<p><label for=\"subject-field\" class=\"screen-reader-text\">Subject<\/label><span class=\"wpcf7-form-control-wrap\" data-name=\"your-subject\"><input size=\"40\" maxlength=\"80\" class=\"wpcf7-form-control wpcf7-text\" id=\"subject-field\" aria-invalid=\"false\" placeholder=\"Subject\" value=\"\" type=\"text\" name=\"your-subject\" \/><\/span>\n<\/p>\n<p><label for=\"message-field\" class=\"screen-reader-text\">Message<\/label><span class=\"wpcf7-form-control-wrap\" data-name=\"your-message\"><textarea cols=\"40\" rows=\"6\" maxlength=\"400\" class=\"wpcf7-form-control wpcf7-textarea\" id=\"message-field\" aria-invalid=\"false\" placeholder=\"Message\" name=\"your-message\"><\/textarea><\/span>\n<\/p>\n<p class=\"text-center\"><br \/>\n<input class=\"wpcf7-form-control wpcf7-submit has-spinner btn btn-secondary\" type=\"submit\" value=\"Send\" \/>\n<\/p><div class=\"wpcf7-response-output\" aria-hidden=\"true\"><\/div>\n<\/form>\n<\/div>\n[vc_empty_space height=&#8221;40&#8243;][\/vc_column][vc_column width=&#8221;1\/6&#8243; offset=&#8221;vc_col-md-3 vc_hidden-sm vc_hidden-xs&#8221;][\/vc_column][\/vc_row]<\/p>\n<\/section>","protected":false},"excerpt":{"rendered":"<p>D\u00e9couvrez les cr\u00e9ations de Nathalie Leumassi Couture, votre styliste mod\u00e9liste au Maroc. Que ce soit pour une robe de soir\u00e9e, un caftan, une abaya, ou une takchita, nous vous aidons \u00e0 trouver la tenue de vos r\u00eaves ou \u00e0 reproduire un style unique pour toutes les occasions. Contactez-nous d\u00e8s maintenant pour r\u00e9pondre \u00e0 tous vos besoins en haute couture.<\/p>\n","protected":false},"author":1,"featured_media":2132,"parent":0,"menu_order":0,"comment_status":"closed","ping_status":"closed","template":"","meta":{"_monsterinsights_skip_tracking":false,"_monsterinsights_sitenote_active":false,"_monsterinsights_sitenote_note":"","_monsterinsights_sitenote_category":0,"footnotes":""},"class_list":["post-201","page","type-page","status-publish","has-post-thumbnail","hentry"],"yoast_head":"<!-- This site is optimized with the Yoast SEO Premium plugin v23.0 (Yoast SEO v23.0) - https:\/\/yoast.com\/wordpress\/plugins\/seo\/ -->\n<title>Contactez nous - Nathalie Leumassi Couture<\/title>\n<meta name=\"description\" content=\"Que ce soit pour une robe de soir\u00e9e, un caftan, une abaya, ou une takchita, nous vous aidons \u00e0 trouver la tenue de vos r\u00eaves ou \u00e0 reproduire un style unique pour toutes les occasions. Contactez-nous d\u00e8s maintenant pour r\u00e9pondre \u00e0 tous vos besoins en haute couture. D\u00e9couvrez les cr\u00e9ations de Nathalie Leumassi Couture, votre styliste mod\u00e9liste au Maroc.\" \/>\n<meta name=\"robots\" content=\"index, follow, max-snippet:-1, max-image-preview:large, max-video-preview:-1\" \/>\n<link rel=\"canonical\" href=\"https:\/\/nathalieleumassi.com\/index.php\/contacte\/\" \/>\n<meta property=\"og:locale\" content=\"fr_FR\" \/>\n<meta property=\"og:type\" content=\"article\" \/>\n<meta property=\"og:title\" content=\"Contactez nous\" \/>\n<meta property=\"og:description\" content=\"Que ce soit pour une robe de soir\u00e9e, un caftan, une abaya, ou une takchita, nous vous aidons \u00e0 trouver la tenue de vos r\u00eaves ou \u00e0 reproduire un style unique pour toutes les occasions. Contactez-nous d\u00e8s maintenant pour r\u00e9pondre \u00e0 tous vos besoins en haute couture. D\u00e9couvrez les cr\u00e9ations de Nathalie Leumassi Couture, votre styliste mod\u00e9liste au Maroc.\" \/>\n<meta property=\"og:url\" content=\"https:\/\/nathalieleumassi.com\/index.php\/contacte\/\" \/>\n<meta property=\"og:site_name\" content=\"Nathalie Leumassi Couture\" \/>\n<meta property=\"article:modified_time\" content=\"2024-07-19T16:40:36+00:00\" \/>\n<meta property=\"og:image\" content=\"https:\/\/nathalieleumassi.com\/wp-content\/uploads\/2017\/05\/MG_6291.jpg\" \/>\n\t<meta property=\"og:image:width\" content=\"1920\" \/>\n\t<meta property=\"og:image:height\" content=\"1280\" \/>\n\t<meta property=\"og:image:type\" content=\"image\/jpeg\" \/>\n<meta name=\"twitter:card\" content=\"summary_large_image\" \/>\n<meta name=\"twitter:label1\" content=\"Dur\u00e9e de lecture estim\u00e9e\" \/>\n\t<meta name=\"twitter:data1\" content=\"2 minutes\" \/>\n<script type=\"application\/ld+json\" class=\"yoast-schema-graph\">{\"@context\":\"https:\/\/schema.org\",\"@graph\":[{\"@type\":\"WebPage\",\"@id\":\"https:\/\/nathalieleumassi.com\/index.php\/contacte\/\",\"url\":\"https:\/\/nathalieleumassi.com\/index.php\/contacte\/\",\"name\":\"Contactez nous - Nathalie Leumassi Couture\",\"isPartOf\":{\"@id\":\"https:\/\/nathalieleumassi.com\/#website\"},\"primaryImageOfPage\":{\"@id\":\"https:\/\/nathalieleumassi.com\/index.php\/contacte\/#primaryimage\"},\"image\":{\"@id\":\"https:\/\/nathalieleumassi.com\/index.php\/contacte\/#primaryimage\"},\"thumbnailUrl\":\"https:\/\/nathalieleumassi.com\/wp-content\/uploads\/2017\/05\/MG_6291.jpg\",\"datePublished\":\"2017-04-30T18:18:55+00:00\",\"dateModified\":\"2024-07-19T16:40:36+00:00\",\"description\":\"Que ce soit pour une robe de soir\u00e9e, un caftan, une abaya, ou une takchita, nous vous aidons \u00e0 trouver la tenue de vos r\u00eaves ou \u00e0 reproduire un style unique pour toutes les occasions. Contactez-nous d\u00e8s maintenant pour r\u00e9pondre \u00e0 tous vos besoins en haute couture. D\u00e9couvrez les cr\u00e9ations de Nathalie Leumassi Couture, votre styliste mod\u00e9liste au Maroc.\",\"breadcrumb\":{\"@id\":\"https:\/\/nathalieleumassi.com\/index.php\/contacte\/#breadcrumb\"},\"inLanguage\":\"fr-FR\",\"potentialAction\":[{\"@type\":\"ReadAction\",\"target\":[\"https:\/\/nathalieleumassi.com\/index.php\/contacte\/\"]}]},{\"@type\":\"ImageObject\",\"inLanguage\":\"fr-FR\",\"@id\":\"https:\/\/nathalieleumassi.com\/index.php\/contacte\/#primaryimage\",\"url\":\"https:\/\/nathalieleumassi.com\/wp-content\/uploads\/2017\/05\/MG_6291.jpg\",\"contentUrl\":\"https:\/\/nathalieleumassi.com\/wp-content\/uploads\/2017\/05\/MG_6291.jpg\",\"width\":1920,\"height\":1280},{\"@type\":\"BreadcrumbList\",\"@id\":\"https:\/\/nathalieleumassi.com\/index.php\/contacte\/#breadcrumb\",\"itemListElement\":[{\"@type\":\"ListItem\",\"position\":1,\"name\":\"Accueil\",\"item\":\"https:\/\/nathalieleumassi.com\/\"},{\"@type\":\"ListItem\",\"position\":2,\"name\":\"Contactez nous\"}]},{\"@type\":\"WebSite\",\"@id\":\"https:\/\/nathalieleumassi.com\/#website\",\"url\":\"https:\/\/nathalieleumassi.com\/\",\"name\":\"Nathalie Leumassi Couture\",\"description\":\"Haute coute, Inspir\u00e9e par l\u2019art et la tradition.\",\"publisher\":{\"@id\":\"https:\/\/nathalieleumassi.com\/#organization\"},\"potentialAction\":[{\"@type\":\"SearchAction\",\"target\":{\"@type\":\"EntryPoint\",\"urlTemplate\":\"https:\/\/nathalieleumassi.com\/?s={search_term_string}\"},\"query-input\":\"required name=search_term_string\"}],\"inLanguage\":\"fr-FR\"},{\"@type\":[\"Organization\",\"Place\"],\"@id\":\"https:\/\/nathalieleumassi.com\/#organization\",\"name\":\"Nathalie Leumassi Couture\",\"url\":\"https:\/\/nathalieleumassi.com\/\",\"logo\":{\"@id\":\"https:\/\/nathalieleumassi.com\/index.php\/contacte\/#local-main-organization-logo\"},\"image\":{\"@id\":\"https:\/\/nathalieleumassi.com\/index.php\/contacte\/#local-main-organization-logo\"},\"telephone\":[],\"openingHoursSpecification\":[{\"@type\":\"OpeningHoursSpecification\",\"dayOfWeek\":[\"Monday\",\"Tuesday\",\"Wednesday\",\"Thursday\",\"Friday\",\"Saturday\",\"Sunday\"],\"opens\":\"09:00\",\"closes\":\"17:00\"}]},{\"@type\":\"ImageObject\",\"inLanguage\":\"fr-FR\",\"@id\":\"https:\/\/nathalieleumassi.com\/index.php\/contacte\/#local-main-organization-logo\",\"url\":\"https:\/\/nathalieleumassi.com\/wp-content\/uploads\/2024\/07\/cropped-N.png\",\"contentUrl\":\"https:\/\/nathalieleumassi.com\/wp-content\/uploads\/2024\/07\/cropped-N.png\",\"width\":250,\"height\":250,\"caption\":\"Nathalie Leumassi Couture\"}]}<\/script>\n<!-- \/ Yoast SEO Premium plugin. -->","yoast_head_json":{"title":"Contactez nous - Nathalie Leumassi Couture","description":"Que ce soit pour une robe de soir\u00e9e, un caftan, une abaya, ou une takchita, nous vous aidons \u00e0 trouver la tenue de vos r\u00eaves ou \u00e0 reproduire un style unique pour toutes les occasions. Contactez-nous d\u00e8s maintenant pour r\u00e9pondre \u00e0 tous vos besoins en haute couture. D\u00e9couvrez les cr\u00e9ations de Nathalie Leumassi Couture, votre styliste mod\u00e9liste au Maroc.","robots":{"index":"index","follow":"follow","max-snippet":"max-snippet:-1","max-image-preview":"max-image-preview:large","max-video-preview":"max-video-preview:-1"},"canonical":"https:\/\/nathalieleumassi.com\/index.php\/contacte\/","og_locale":"fr_FR","og_type":"article","og_title":"Contactez nous","og_description":"Que ce soit pour une robe de soir\u00e9e, un caftan, une abaya, ou une takchita, nous vous aidons \u00e0 trouver la tenue de vos r\u00eaves ou \u00e0 reproduire un style unique pour toutes les occasions. Contactez-nous d\u00e8s maintenant pour r\u00e9pondre \u00e0 tous vos besoins en haute couture. D\u00e9couvrez les cr\u00e9ations de Nathalie Leumassi Couture, votre styliste mod\u00e9liste au Maroc.","og_url":"https:\/\/nathalieleumassi.com\/index.php\/contacte\/","og_site_name":"Nathalie Leumassi Couture","article_modified_time":"2024-07-19T16:40:36+00:00","og_image":[{"width":1920,"height":1280,"url":"https:\/\/nathalieleumassi.com\/wp-content\/uploads\/2017\/05\/MG_6291.jpg","type":"image\/jpeg"}],"twitter_card":"summary_large_image","twitter_misc":{"Dur\u00e9e de lecture estim\u00e9e":"2 minutes"},"schema":{"@context":"https:\/\/schema.org","@graph":[{"@type":"WebPage","@id":"https:\/\/nathalieleumassi.com\/index.php\/contacte\/","url":"https:\/\/nathalieleumassi.com\/index.php\/contacte\/","name":"Contactez nous - Nathalie Leumassi Couture","isPartOf":{"@id":"https:\/\/nathalieleumassi.com\/#website"},"primaryImageOfPage":{"@id":"https:\/\/nathalieleumassi.com\/index.php\/contacte\/#primaryimage"},"image":{"@id":"https:\/\/nathalieleumassi.com\/index.php\/contacte\/#primaryimage"},"thumbnailUrl":"https:\/\/nathalieleumassi.com\/wp-content\/uploads\/2017\/05\/MG_6291.jpg","datePublished":"2017-04-30T18:18:55+00:00","dateModified":"2024-07-19T16:40:36+00:00","description":"Que ce soit pour une robe de soir\u00e9e, un caftan, une abaya, ou une takchita, nous vous aidons \u00e0 trouver la tenue de vos r\u00eaves ou \u00e0 reproduire un style unique pour toutes les occasions. Contactez-nous d\u00e8s maintenant pour r\u00e9pondre \u00e0 tous vos besoins en haute couture. D\u00e9couvrez les cr\u00e9ations de Nathalie Leumassi Couture, votre styliste mod\u00e9liste au Maroc.","breadcrumb":{"@id":"https:\/\/nathalieleumassi.com\/index.php\/contacte\/#breadcrumb"},"inLanguage":"fr-FR","potentialAction":[{"@type":"ReadAction","target":["https:\/\/nathalieleumassi.com\/index.php\/contacte\/"]}]},{"@type":"ImageObject","inLanguage":"fr-FR","@id":"https:\/\/nathalieleumassi.com\/index.php\/contacte\/#primaryimage","url":"https:\/\/nathalieleumassi.com\/wp-content\/uploads\/2017\/05\/MG_6291.jpg","contentUrl":"https:\/\/nathalieleumassi.com\/wp-content\/uploads\/2017\/05\/MG_6291.jpg","width":1920,"height":1280},{"@type":"BreadcrumbList","@id":"https:\/\/nathalieleumassi.com\/index.php\/contacte\/#breadcrumb","itemListElement":[{"@type":"ListItem","position":1,"name":"Accueil","item":"https:\/\/nathalieleumassi.com\/"},{"@type":"ListItem","position":2,"name":"Contactez nous"}]},{"@type":"WebSite","@id":"https:\/\/nathalieleumassi.com\/#website","url":"https:\/\/nathalieleumassi.com\/","name":"Nathalie Leumassi Couture","description":"Haute coute, Inspir\u00e9e par l\u2019art et la tradition.","publisher":{"@id":"https:\/\/nathalieleumassi.com\/#organization"},"potentialAction":[{"@type":"SearchAction","target":{"@type":"EntryPoint","urlTemplate":"https:\/\/nathalieleumassi.com\/?s={search_term_string}"},"query-input":"required name=search_term_string"}],"inLanguage":"fr-FR"},{"@type":["Organization","Place"],"@id":"https:\/\/nathalieleumassi.com\/#organization","name":"Nathalie Leumassi Couture","url":"https:\/\/nathalieleumassi.com\/","logo":{"@id":"https:\/\/nathalieleumassi.com\/index.php\/contacte\/#local-main-organization-logo"},"image":{"@id":"https:\/\/nathalieleumassi.com\/index.php\/contacte\/#local-main-organization-logo"},"telephone":[],"openingHoursSpecification":[{"@type":"OpeningHoursSpecification","dayOfWeek":["Monday","Tuesday","Wednesday","Thursday","Friday","Saturday","Sunday"],"opens":"09:00","closes":"17:00"}]},{"@type":"ImageObject","inLanguage":"fr-FR","@id":"https:\/\/nathalieleumassi.com\/index.php\/contacte\/#local-main-organization-logo","url":"https:\/\/nathalieleumassi.com\/wp-content\/uploads\/2024\/07\/cropped-N.png","contentUrl":"https:\/\/nathalieleumassi.com\/wp-content\/uploads\/2024\/07\/cropped-N.png","width":250,"height":250,"caption":"Nathalie Leumassi Couture"}]}},"_links":{"self":[{"href":"https:\/\/nathalieleumassi.com\/index.php\/wp-json\/wp\/v2\/pages\/201","targetHints":{"allow":["GET"]}}],"collection":[{"href":"https:\/\/nathalieleumassi.com\/index.php\/wp-json\/wp\/v2\/pages"}],"about":[{"href":"https:\/\/nathalieleumassi.com\/index.php\/wp-json\/wp\/v2\/types\/page"}],"author":[{"embeddable":true,"href":"https:\/\/nathalieleumassi.com\/index.php\/wp-json\/wp\/v2\/users\/1"}],"replies":[{"embeddable":true,"href":"https:\/\/nathalieleumassi.com\/index.php\/wp-json\/wp\/v2\/comments?post=201"}],"version-history":[{"count":13,"href":"https:\/\/nathalieleumassi.com\/index.php\/wp-json\/wp\/v2\/pages\/201\/revisions"}],"predecessor-version":[{"id":2709,"href":"https:\/\/nathalieleumassi.com\/index.php\/wp-json\/wp\/v2\/pages\/201\/revisions\/2709"}],"wp:featuredmedia":[{"embeddable":true,"href":"https:\/\/nathalieleumassi.com\/index.php\/wp-json\/wp\/v2\/media\/2132"}],"wp:attachment":[{"href":"https:\/\/nathalieleumassi.com\/index.php\/wp-json\/wp\/v2\/media?parent=201"}],"curies":[{"name":"wp","href":"https:\/\/api.w.org\/{rel}","templated":true}]}}