{"id":2476,"date":"2017-09-05T02:23:49","date_gmt":"2017-09-05T02:23:49","guid":{"rendered":"http:\/\/wp.mara.kz\/goodtailor-wm\/?page_id=2476"},"modified":"2024-08-02T15:56:13","modified_gmt":"2024-08-02T13:56:13","slug":"designer","status":"publish","type":"page","link":"https:\/\/nathalieleumassi.com\/index.php\/designer\/","title":{"rendered":"Designer"},"content":{"rendered":"<section class=\"wpb-content-wrapper\"><p>[vc_row full_width=&#8221;stretch_row&#8221; css=&#8221;.vc_custom_1721403818348{border-top-width: 1px !important;border-top-color: #fafafa !important;border-top-style: solid !important;}&#8221;][vc_column css=&#8221;.vc_custom_1500158849107{padding-right: 0px !important;padding-left: 0px !important;}&#8221;]\n\t\t\t<!-- START Designer 1 REVOLUTION SLIDER 6.6.14 --><p class=\"rs-p-wp-fix\"><\/p>\n\t\t\t<rs-module-wrap id=\"rev_slider_3_1_wrapper\" data-source=\"gallery\" style=\"visibility:hidden;background:transparent;padding:0;margin:0px auto;margin-top:0;margin-bottom:0;\">\n\t\t\t\t<rs-module id=\"rev_slider_3_1\" style=\"\" data-version=\"6.6.14\">\n\t\t\t\t\t<rs-slides style=\"overflow: hidden; position: absolute;\">\n\t\t\t\t\t\t<rs-slide style=\"position: absolute;\" data-key=\"rs-6\" data-title=\"Slide\" data-duration=\"9000\" data-anim=\"d:10;ms:500;f:slidebased;\" data-in=\"o:0;x:(-50%);sx:0.7;sy:0.7;m:true;e:power4.inOut;col:6;\" data-out=\"a:false;\" data-alttrans=\"boxfade\">\n\t\t\t\t\t\t\t<img decoding=\"async\" src=\"\/\/nathalieleumassi.com\/wp-content\/plugins\/revslider\/public\/assets\/assets\/dummy.png\" alt=\"Designer\" title=\"Untitled design (1)\" width=\"1600\" height=\"920\" class=\"rev-slidebg tp-rs-img rs-lazyload\" data-lazyload=\"\/\/nathalieleumassi.com\/wp-content\/uploads\/2024\/07\/Untitled-design-1-1600x920.png\" data-parallax=\"off\" data-no-retina>\n<!--\n\t\t\t\t\t\t\t--><rs-group\n\t\t\t\t\t\t\t\tid=\"slider-3-slide-6-layer-7\" \n\t\t\t\t\t\t\t\tdata-type=\"group\"\n\t\t\t\t\t\t\t\tdata-xy=\"x:l,c,c,c;xo:534px,226px,116px,44px;y:m;yo:89px,110px,57px,0;\"\n\t\t\t\t\t\t\t\tdata-text=\"w:normal;l:22;a:inherit;\"\n\t\t\t\t\t\t\t\tdata-dim=\"w:228px,496px,499px,348px;h:501px,387px,342px,100%;\"\n\t\t\t\t\t\t\t\tdata-rsp_o=\"off\"\n\t\t\t\t\t\t\t\tdata-rsp_bd=\"off\"\n\t\t\t\t\t\t\t\tdata-frame_0=\"o:1;\"\n\t\t\t\t\t\t\t\tdata-frame_1=\"sR:10;\"\n\t\t\t\t\t\t\t\tdata-frame_999=\"o:0;st:w;sR:8690;sA:9000;\"\n\t\t\t\t\t\t\t\tstyle=\"z-index:7;\"\n\t\t\t\t\t\t\t><!--\n\t\t\t\t\t\t\t\t--><rs-layer\n\t\t\t\t\t\t\t\t\tid=\"slider-3-slide-6-layer-9\" \n\t\t\t\t\t\t\t\t\tdata-type=\"text\"\n\t\t\t\t\t\t\t\t\tdata-color=\"#000000\"\n\t\t\t\t\t\t\t\t\tdata-rsp_ch=\"on\"\n\t\t\t\t\t\t\t\t\tdata-xy=\"x:c;xo:2px,0,0,9px;y:m;yo:59px,28px,27px,43px;\"\n\t\t\t\t\t\t\t\t\tdata-pos=\"a\"\n\t\t\t\t\t\t\t\t\tdata-text=\"w:normal;s:20,17,17,15;l:27;fw:700,300,300,700;a:inherit,center,center,left;\"\n\t\t\t\t\t\t\t\t\tdata-dim=\"w:100%,100%,100%,322px;h:205px,auto,auto,auto;\"\n\t\t\t\t\t\t\t\t\tdata-padding=\"r:0,0,0,30;l:30;\"\n\t\t\t\t\t\t\t\t\tdata-frame_0=\"sX:0.9;sY:0.9;\"\n\t\t\t\t\t\t\t\t\tdata-frame_1=\"st:1100;sp:900;sR:1090;\"\n\t\t\t\t\t\t\t\t\tdata-frame_999=\"st:w;sp:1000;sR:7000;auto:true;\"\n\t\t\t\t\t\t\t\t\tstyle=\"z-index:9;font-family:'Open Sans';\"\n\t\t\t\t\t\t\t\t>\"La Mode et le Design representent toute l'essence de ma vie. C'est un plaisir immense de voir son travail port\u00e9\" \n\t\t\t\t\t\t\t\t<\/rs-layer><!--\n\n\t\t\t\t\t\t\t\t--><h2\n\t\t\t\t\t\t\t\t\tid=\"slider-3-slide-6-layer-2\" \n\t\t\t\t\t\t\t\t\tclass=\"rs-layer\"\n\t\t\t\t\t\t\t\t\tdata-type=\"text\"\n\t\t\t\t\t\t\t\t\tdata-color=\"#000000\"\n\t\t\t\t\t\t\t\t\tdata-xy=\"x:c;xo:-7px,0,0,1px;yo:60px,0,0,21px;\"\n\t\t\t\t\t\t\t\t\tdata-pos=\"a\"\n\t\t\t\t\t\t\t\t\tdata-text=\"w:normal;s:57,55,55,30;l:61,50,50,45;a:left,center,center,center;\"\n\t\t\t\t\t\t\t\t\tdata-dim=\"w:303px,100%,100%,100%;h:auto,auto,auto,49px;\"\n\t\t\t\t\t\t\t\t\tdata-rsp_o=\"off\"\n\t\t\t\t\t\t\t\t\tdata-rsp_bd=\"off\"\n\t\t\t\t\t\t\t\t\tdata-padding=\"r:30,30,30,15;l:30,30,30,15;\"\n\t\t\t\t\t\t\t\t\tdata-frame_0=\"sX:0.9;sY:0.9;\"\n\t\t\t\t\t\t\t\t\tdata-frame_1=\"e:power3.out;st:1020;sp:900;sR:1010;\"\n\t\t\t\t\t\t\t\t\tdata-frame_999=\"st:w;sp:1000;sR:7080;auto:true;\"\n\t\t\t\t\t\t\t\t\tstyle=\"z-index:8;font-family:'Vidaloka';\"\n\t\t\t\t\t\t\t\t> \n\t\t\t\t\t\t\t\t<\/h2><!--\n\t\t\t\t\t\t\t--><\/rs-group><!--\n\n\t\t\t\t\t\t\t--><rs-layer\n\t\t\t\t\t\t\t\tid=\"slider-3-slide-6-layer-10\" \n\t\t\t\t\t\t\t\tdata-type=\"text\"\n\t\t\t\t\t\t\t\tdata-color=\"rgba(193, 193, 193, 0.3)||#ededed||#ededed||#ededed\"\n\t\t\t\t\t\t\t\tdata-rsp_ch=\"on\"\n\t\t\t\t\t\t\t\tdata-xy=\"x:l,c,c,c;xo:19px,100px,100px,170px;y:t,t,t,m;yo:174px,199px,20px,160px;\"\n\t\t\t\t\t\t\t\tdata-text=\"s:250,150,150,150;l:22;a:inherit;\"\n\t\t\t\t\t\t\t\tdata-frame_0=\"x:-50px;\"\n\t\t\t\t\t\t\t\tdata-frame_1=\"e:power3.out;st:1990;sp:6000;sR:1990;\"\n\t\t\t\t\t\t\t\tdata-frame_999=\"x:50px;o:0;e:power3.in;st:7990;sp:1000;\"\n\t\t\t\t\t\t\t\tstyle=\"z-index:5;background-color:rgba(255,255,255,0);font-family:'Vidaloka';\"\n\t\t\t\t\t\t\t> \n\t\t\t\t\t\t\t<\/rs-layer><!--\n-->\t\t\t\t\t\t<\/rs-slide>\n\t\t\t\t\t<\/rs-slides>\n\t\t\t\t<\/rs-module>\n\t\t\t\t<script>\n\t\t\t\t\tsetREVStartSize({c: 'rev_slider_3_1',rl:[1240,1024,778,480],el:[600,600,473,440],gw:[1170,970,750,480],gh:[600,600,473,440],type:'standard',justify:'',layout:'fullwidth',mh:\"600\"});if (window.RS_MODULES!==undefined && window.RS_MODULES.modules!==undefined && window.RS_MODULES.modules[\"revslider31\"]!==undefined) {window.RS_MODULES.modules[\"revslider31\"].once = false;window.revapi3 = undefined;if (window.RS_MODULES.checkMinimal!==undefined) window.RS_MODULES.checkMinimal()}\n\t\t\t\t<\/script>\n\t\t\t<\/rs-module-wrap>\n\t\t\t<!-- END REVOLUTION SLIDER -->\n[\/vc_column][\/vc_row][vc_section css=&#8221;.vc_custom_1721403946075{margin-top: -20px !important;padding-bottom: 0px !important;}&#8221;][vc_row css=&#8221;.vc_custom_1722605371946{border-top-width: -0px !important;border-right-width: -0px !important;border-bottom-width: -0px !important;border-left-width: -0px !important;background-image: url(http:\/\/nathalieleumassi.com\/wp-content\/uploads\/2024\/08\/Untitled-design-11.png?id=2722) !important;}&#8221;][vc_column width=&#8221;1\/4&#8243; offset=&#8221;vc_col-md-5 vc_col-xs-4\/5&#8243;][\/vc_column][vc_column width=&#8221;1\/4&#8243;][\/vc_column][vc_column width=&#8221;1\/3&#8243;][vc_column_text el_class=&#8221;designer_org&#8221;]<\/p>\n<h2 style=\"padding-left: 80px;\">Racine<\/h2>\n<p style=\"padding-left: 80px;\"><strong>Originaire du Cameroun, la designer Nathalie Leumassi a d\u00e9velopp\u00e9 d\u00e8s son plus jeune \u00e2ge une passion pour l&#8217;esth\u00e9tique.<\/strong><\/p>\n<p style=\"padding-left: 80px;\"><strong>Sa curiosit\u00e9 pour les tissus fins et le design l&#8217;a men\u00e9e vers des \u00e9tudes de stylisme-mod\u00e9lisme au <em>Centre Jeman<\/em> au Cameroun, puis au <em>Coll\u00e8ge LaSalle<\/em> au Maroc, o\u00f9 elle a obtenu son dipl\u00f4me en 2007.<\/strong><\/p>\n<p style=\"padding-left: 80px;\"><strong>Nathalie a travaill\u00e9 avec certaines des plus grandes Designers d\u00e9veloppant un talent exquis pour la mode et la haute couture.<\/strong><\/p>\n<p>[\/vc_column_text][\/vc_column][\/vc_row][\/vc_section][vc_section css=&#8221;.vc_custom_1721400962869{margin-top: 70px !important;padding-bottom: 0px !important;}&#8221;][vc_row css=&#8221;.vc_custom_1721054986053{margin-bottom: 10px !important;background-image: url(http:\/\/nathalieleumassi.com\/wp-content\/uploads\/2024\/07\/2.png?id=2617) !important;}&#8221;][vc_column offset=&#8221;vc_col-md-5&#8243; css=&#8221;.vc_custom_1722606682100{margin-top: -50px !important;margin-bottom: -50px !important;border-top-width: -0px !important;padding-top: 0px !important;}&#8221;][vc_column_text css=&#8221;.vc_custom_1722605634149{background-image: url(http:\/\/nathalieleumassi.com\/wp-content\/uploads\/2024\/07\/2.png?id=2617) !important;}&#8221; el_class=&#8221;designer_org1&#8243;]<\/p>\n<h2>Sa Carri\u00e8re<\/h2>\n<p><strong>Nathalie Leumassi<\/strong> est la styliste mod\u00e9liste et cr\u00e9atrice des ateliers Nathalie Leumassi Couture, fond\u00e9s en 2020. Elle con\u00e7oit et cr\u00e9e des v\u00eatements pour diverses marques et offre \u00e9galement des services de consulting.<\/p>\n<p>la styliste mod\u00e9liste a un parcours fort<\/p>\n<ul>\n<li><strong><em>Jardin Majorelle (2013-2020)<\/em> :<\/strong> Responsable d\u2019atelier et mod\u00e9liste, Nathalie a excell\u00e9 dans la planification, l&#8217;organisation et la coordination des activit\u00e9s de confection. Elle garantissait la qualit\u00e9 et le respect des d\u00e9lais de production, tout en assurant la mise au point technique et qualitative des mod\u00e8les destin\u00e9s \u00e0 la boutique. Elle participait \u00e9galement au calcul des prix des mod\u00e8les et r\u00e9alisait les prototypes et patronages \u00e0 partir de croquis fournis par le styliste.<\/li>\n<li><strong><em>Zhor Raiss (2008-2013)<\/em> :<\/strong> Mod\u00e9liste pendant cinq ans dans cette maison de couture sp\u00e9cialis\u00e9e dans les tenues de soir\u00e9e et les caftans haut de gamme.<\/li>\n<li><strong><em>Karim Tassi (2005-2008) <\/em>:<\/strong> Responsable atelier et mod\u00e9liste pendant trois ans chez ce designer renomm\u00e9 pour ses cr\u00e9ations avant-gardistes et modernes, combinant tradition et innovation dans la mode marocaine.<\/li>\n<\/ul>\n<p><strong>Nathalie Leumassi<\/strong> a ainsi acquis une vaste exp\u00e9rience et un savoir-faire unique dans le domaine de la mode et de la haute couture, faisant d&#8217;elle une r\u00e9f\u00e9rence incontournable au Maroc.[\/vc_column_text][\/vc_column][\/vc_row][\/vc_section][vc_section css=&#8221;.vc_custom_1721400975657{margin-top: 70px !important;padding-bottom: 0px !important;}&#8221;][vc_row css=&#8221;.vc_custom_1721402499716{background-color: #e9dcd8 !important;}&#8221;][vc_column offset=&#8221;vc_col-md-7&#8243; el_class=&#8221;designer_org2&#8243;][vc_column_text el_class=&#8221;designer_org2&#8243;]<\/p>\n<h2>Vision<\/h2>\n<p>Nathalie Leumassi transcende la mode pour soutenir sa passion de toute une vie. Elle se consacre \u00e0 l&#8217;art et \u00e0 l&#8217;\u00e9mancipation des femmes et des enfants. Fid\u00e8le \u00e0 son engagement envers les nouvelles g\u00e9n\u00e9rations, elle offre des heures de formation gratuite pour les enfants et les \u00e9tudiants afin de leur permettre de d\u00e9couvrir le design dans son atelier \u00e0 Marrakech.<\/p>\n<p>La designer participe activement \u00e0 des initiatives \u00e0 but non lucratif pour mettre en lumi\u00e8re les femmes dans la haute couture et mentor certaines d&#8217;entre elles pour aider \u00e0 \u00e9lever les talents locaux et r\u00e9gionaux en Afrique, et plus pr\u00e9cis\u00e9ment au Maghreb. Nathalie Leumassi honore ainsi son engagement envers la communaut\u00e9, en offrant des opportunit\u00e9s et en inspirant les futures g\u00e9n\u00e9rations de cr\u00e9ateurs.[\/vc_column_text][\/vc_column][vc_column width=&#8221;1\/6&#8243; css=&#8221;.vc_custom_1495521470752{margin-top: -70px !important;}&#8221; offset=&#8221;vc_hidden-sm vc_hidden-xs&#8221;][\/vc_column][vc_column width=&#8221;1\/4&#8243; css=&#8221;.vc_custom_1495521479471{margin-top: -250px !important;}&#8221; offset=&#8221;vc_hidden-sm vc_hidden-xs&#8221;][vc_single_image image=&#8221;2620&#8243; img_size=&#8221;1088*2500&#8243; css=&#8221;.vc_custom_1720889442716{margin-top: 50px !important;border-top-width: 150px !important;padding-top: 150px !important;background-image: url(http:\/\/nathalieleumassi.com\/wp-content\/uploads\/2024\/07\/Untitled-design-3.png?id=2620) !important;}&#8221;][\/vc_column][\/vc_row][\/vc_section][vc_section css=&#8221;.vc_custom_1495521708853{padding-top: 0px !important;padding-bottom: 0px !important;}&#8221;][\/vc_section]<\/p>\n<\/section>","protected":false},"excerpt":{"rendered":"<p>[vc_row full_width=&#8221;stretch_row&#8221; css=&#8221;.vc_custom_1721403818348{border-top-width: 1px !important;border-top-color: #fafafa !important;border-top-style: solid !important;}&#8221;][vc_column css=&#8221;.vc_custom_1500158849107{padding-right: 0px !important;padding-left: 0px !important;}&#8221;][\/vc_column][\/vc_row][vc_section css=&#8221;.vc_custom_1721403946075{margin-top: -20px !important;padding-bottom: 0px !important;}&#8221;][vc_row css=&#8221;.vc_custom_1722605371946{border-top-width: -0px !important;border-right-width: -0px !important;border-bottom-width: -0px !important;border-left-width: -0px !important;background-image: url(http:\/\/nathalieleumassi.com\/wp-content\/uploads\/2024\/08\/Untitled-design-11.png?id=2722) !important;}&#8221;][vc_column width=&#8221;1\/4&#8243; offset=&#8221;vc_col-md-5 vc_col-xs-4\/5&#8243;][\/vc_column][vc_column width=&#8221;1\/4&#8243;][\/vc_column][vc_column width=&#8221;1\/3&#8243;][vc_column_text el_class=&#8221;designer_org&#8221;] Racine Originaire du Cameroun, la designer Nathalie Leumassi a d\u00e9velopp\u00e9 d\u00e8s son plus jeune \u00e2ge une passion pour l&#8217;esth\u00e9tique. [&hellip;]<\/p>\n","protected":false},"author":1,"featured_media":0,"parent":0,"menu_order":0,"comment_status":"closed","ping_status":"closed","template":"","meta":{"_monsterinsights_skip_tracking":false,"_monsterinsights_sitenote_active":false,"_monsterinsights_sitenote_note":"","_monsterinsights_sitenote_category":0,"footnotes":""},"class_list":["post-2476","page","type-page","status-publish","hentry"],"yoast_head":"<!-- This site is optimized with the Yoast SEO Premium plugin v23.0 (Yoast SEO v23.0) - https:\/\/yoast.com\/wordpress\/plugins\/seo\/ -->\n<title>Styliste Modeliste - Nathalie Leumassi Couture<\/title>\n<meta name=\"description\" content=\"Designer, Cr\u00e9atrice et mod\u00e9liste de mode, nous offrons des collections uniques alliant stylisme et mod\u00e9lisme pour sublimer votre garde-robe. Achetez en ligne ou visitez-nous pour une exp\u00e9rience de shopping exclusive\" \/>\n<meta name=\"robots\" content=\"index, follow, max-snippet:-1, max-image-preview:large, max-video-preview:-1\" \/>\n<link rel=\"canonical\" href=\"https:\/\/nathalieleumassi.com\/index.php\/designer\/\" \/>\n<meta property=\"og:locale\" content=\"fr_FR\" \/>\n<meta property=\"og:type\" content=\"article\" \/>\n<meta property=\"og:title\" content=\"Designer\" \/>\n<meta property=\"og:description\" content=\"Designer, Cr\u00e9atrice et mod\u00e9liste de mode, nous offrons des collections uniques alliant stylisme et mod\u00e9lisme pour sublimer votre garde-robe. Achetez en ligne ou visitez-nous pour une exp\u00e9rience de shopping exclusive\" \/>\n<meta property=\"og:url\" content=\"https:\/\/nathalieleumassi.com\/index.php\/designer\/\" \/>\n<meta property=\"og:site_name\" content=\"Nathalie Leumassi Couture\" \/>\n<meta property=\"article:modified_time\" content=\"2024-08-02T13:56:13+00:00\" \/>\n<meta name=\"twitter:card\" content=\"summary_large_image\" \/>\n<meta name=\"twitter:label1\" content=\"Dur\u00e9e de lecture estim\u00e9e\" \/>\n\t<meta name=\"twitter:data1\" content=\"3 minutes\" \/>\n<script type=\"application\/ld+json\" class=\"yoast-schema-graph\">{\"@context\":\"https:\/\/schema.org\",\"@graph\":[{\"@type\":\"WebPage\",\"@id\":\"https:\/\/nathalieleumassi.com\/index.php\/designer\/\",\"url\":\"https:\/\/nathalieleumassi.com\/index.php\/designer\/\",\"name\":\"Styliste Modeliste - Nathalie Leumassi Couture\",\"isPartOf\":{\"@id\":\"https:\/\/nathalieleumassi.com\/#website\"},\"datePublished\":\"2017-09-05T02:23:49+00:00\",\"dateModified\":\"2024-08-02T13:56:13+00:00\",\"description\":\"Designer, Cr\u00e9atrice et mod\u00e9liste de mode, nous offrons des collections uniques alliant stylisme et mod\u00e9lisme pour sublimer votre garde-robe. Achetez en ligne ou visitez-nous pour une exp\u00e9rience de shopping exclusive\",\"breadcrumb\":{\"@id\":\"https:\/\/nathalieleumassi.com\/index.php\/designer\/#breadcrumb\"},\"inLanguage\":\"fr-FR\",\"potentialAction\":[{\"@type\":\"ReadAction\",\"target\":[\"https:\/\/nathalieleumassi.com\/index.php\/designer\/\"]}]},{\"@type\":\"BreadcrumbList\",\"@id\":\"https:\/\/nathalieleumassi.com\/index.php\/designer\/#breadcrumb\",\"itemListElement\":[{\"@type\":\"ListItem\",\"position\":1,\"name\":\"Accueil\",\"item\":\"https:\/\/nathalieleumassi.com\/\"},{\"@type\":\"ListItem\",\"position\":2,\"name\":\"Designer\"}]},{\"@type\":\"WebSite\",\"@id\":\"https:\/\/nathalieleumassi.com\/#website\",\"url\":\"https:\/\/nathalieleumassi.com\/\",\"name\":\"Nathalie Leumassi Couture\",\"description\":\"Haute coute, Inspir\u00e9e par l\u2019art et la tradition.\",\"publisher\":{\"@id\":\"https:\/\/nathalieleumassi.com\/#organization\"},\"potentialAction\":[{\"@type\":\"SearchAction\",\"target\":{\"@type\":\"EntryPoint\",\"urlTemplate\":\"https:\/\/nathalieleumassi.com\/?s={search_term_string}\"},\"query-input\":\"required name=search_term_string\"}],\"inLanguage\":\"fr-FR\"},{\"@type\":[\"Organization\",\"Place\"],\"@id\":\"https:\/\/nathalieleumassi.com\/#organization\",\"name\":\"Nathalie Leumassi Couture\",\"url\":\"https:\/\/nathalieleumassi.com\/\",\"logo\":{\"@id\":\"https:\/\/nathalieleumassi.com\/index.php\/designer\/#local-main-organization-logo\"},\"image\":{\"@id\":\"https:\/\/nathalieleumassi.com\/index.php\/designer\/#local-main-organization-logo\"},\"telephone\":[],\"openingHoursSpecification\":[{\"@type\":\"OpeningHoursSpecification\",\"dayOfWeek\":[\"Monday\",\"Tuesday\",\"Wednesday\",\"Thursday\",\"Friday\",\"Saturday\",\"Sunday\"],\"opens\":\"09:00\",\"closes\":\"17:00\"}]},{\"@type\":\"ImageObject\",\"inLanguage\":\"fr-FR\",\"@id\":\"https:\/\/nathalieleumassi.com\/index.php\/designer\/#local-main-organization-logo\",\"url\":\"https:\/\/nathalieleumassi.com\/wp-content\/uploads\/2024\/07\/cropped-N.png\",\"contentUrl\":\"https:\/\/nathalieleumassi.com\/wp-content\/uploads\/2024\/07\/cropped-N.png\",\"width\":250,\"height\":250,\"caption\":\"Nathalie Leumassi Couture\"}]}<\/script>\n<!-- \/ Yoast SEO Premium plugin. -->","yoast_head_json":{"title":"Styliste Modeliste - Nathalie Leumassi Couture","description":"Designer, Cr\u00e9atrice et mod\u00e9liste de mode, nous offrons des collections uniques alliant stylisme et mod\u00e9lisme pour sublimer votre garde-robe. Achetez en ligne ou visitez-nous pour une exp\u00e9rience de shopping exclusive","robots":{"index":"index","follow":"follow","max-snippet":"max-snippet:-1","max-image-preview":"max-image-preview:large","max-video-preview":"max-video-preview:-1"},"canonical":"https:\/\/nathalieleumassi.com\/index.php\/designer\/","og_locale":"fr_FR","og_type":"article","og_title":"Designer","og_description":"Designer, Cr\u00e9atrice et mod\u00e9liste de mode, nous offrons des collections uniques alliant stylisme et mod\u00e9lisme pour sublimer votre garde-robe. Achetez en ligne ou visitez-nous pour une exp\u00e9rience de shopping exclusive","og_url":"https:\/\/nathalieleumassi.com\/index.php\/designer\/","og_site_name":"Nathalie Leumassi Couture","article_modified_time":"2024-08-02T13:56:13+00:00","twitter_card":"summary_large_image","twitter_misc":{"Dur\u00e9e de lecture estim\u00e9e":"3 minutes"},"schema":{"@context":"https:\/\/schema.org","@graph":[{"@type":"WebPage","@id":"https:\/\/nathalieleumassi.com\/index.php\/designer\/","url":"https:\/\/nathalieleumassi.com\/index.php\/designer\/","name":"Styliste Modeliste - Nathalie Leumassi Couture","isPartOf":{"@id":"https:\/\/nathalieleumassi.com\/#website"},"datePublished":"2017-09-05T02:23:49+00:00","dateModified":"2024-08-02T13:56:13+00:00","description":"Designer, Cr\u00e9atrice et mod\u00e9liste de mode, nous offrons des collections uniques alliant stylisme et mod\u00e9lisme pour sublimer votre garde-robe. Achetez en ligne ou visitez-nous pour une exp\u00e9rience de shopping exclusive","breadcrumb":{"@id":"https:\/\/nathalieleumassi.com\/index.php\/designer\/#breadcrumb"},"inLanguage":"fr-FR","potentialAction":[{"@type":"ReadAction","target":["https:\/\/nathalieleumassi.com\/index.php\/designer\/"]}]},{"@type":"BreadcrumbList","@id":"https:\/\/nathalieleumassi.com\/index.php\/designer\/#breadcrumb","itemListElement":[{"@type":"ListItem","position":1,"name":"Accueil","item":"https:\/\/nathalieleumassi.com\/"},{"@type":"ListItem","position":2,"name":"Designer"}]},{"@type":"WebSite","@id":"https:\/\/nathalieleumassi.com\/#website","url":"https:\/\/nathalieleumassi.com\/","name":"Nathalie Leumassi Couture","description":"Haute coute, Inspir\u00e9e par l\u2019art et la tradition.","publisher":{"@id":"https:\/\/nathalieleumassi.com\/#organization"},"potentialAction":[{"@type":"SearchAction","target":{"@type":"EntryPoint","urlTemplate":"https:\/\/nathalieleumassi.com\/?s={search_term_string}"},"query-input":"required name=search_term_string"}],"inLanguage":"fr-FR"},{"@type":["Organization","Place"],"@id":"https:\/\/nathalieleumassi.com\/#organization","name":"Nathalie Leumassi Couture","url":"https:\/\/nathalieleumassi.com\/","logo":{"@id":"https:\/\/nathalieleumassi.com\/index.php\/designer\/#local-main-organization-logo"},"image":{"@id":"https:\/\/nathalieleumassi.com\/index.php\/designer\/#local-main-organization-logo"},"telephone":[],"openingHoursSpecification":[{"@type":"OpeningHoursSpecification","dayOfWeek":["Monday","Tuesday","Wednesday","Thursday","Friday","Saturday","Sunday"],"opens":"09:00","closes":"17:00"}]},{"@type":"ImageObject","inLanguage":"fr-FR","@id":"https:\/\/nathalieleumassi.com\/index.php\/designer\/#local-main-organization-logo","url":"https:\/\/nathalieleumassi.com\/wp-content\/uploads\/2024\/07\/cropped-N.png","contentUrl":"https:\/\/nathalieleumassi.com\/wp-content\/uploads\/2024\/07\/cropped-N.png","width":250,"height":250,"caption":"Nathalie Leumassi Couture"}]}},"_links":{"self":[{"href":"https:\/\/nathalieleumassi.com\/index.php\/wp-json\/wp\/v2\/pages\/2476","targetHints":{"allow":["GET"]}}],"collection":[{"href":"https:\/\/nathalieleumassi.com\/index.php\/wp-json\/wp\/v2\/pages"}],"about":[{"href":"https:\/\/nathalieleumassi.com\/index.php\/wp-json\/wp\/v2\/types\/page"}],"author":[{"embeddable":true,"href":"https:\/\/nathalieleumassi.com\/index.php\/wp-json\/wp\/v2\/users\/1"}],"replies":[{"embeddable":true,"href":"https:\/\/nathalieleumassi.com\/index.php\/wp-json\/wp\/v2\/comments?post=2476"}],"version-history":[{"count":57,"href":"https:\/\/nathalieleumassi.com\/index.php\/wp-json\/wp\/v2\/pages\/2476\/revisions"}],"predecessor-version":[{"id":2741,"href":"https:\/\/nathalieleumassi.com\/index.php\/wp-json\/wp\/v2\/pages\/2476\/revisions\/2741"}],"wp:attachment":[{"href":"https:\/\/nathalieleumassi.com\/index.php\/wp-json\/wp\/v2\/media?parent=2476"}],"curies":[{"name":"wp","href":"https:\/\/api.w.org\/{rel}","templated":true}]}}