{"id":2522,"date":"2024-07-11T19:32:00","date_gmt":"2024-07-11T17:32:00","guid":{"rendered":"https:\/\/nathalieleumassi.com\/index.php\/boutique\/"},"modified":"2024-08-02T17:46:13","modified_gmt":"2024-08-02T15:46:13","slug":"boutique-homme","status":"publish","type":"page","link":"https:\/\/nathalieleumassi.com\/index.php\/boutique-homme\/","title":{"rendered":"Homme"},"content":{"rendered":"<section class=\"wpb-content-wrapper\"><p>[vc_section][vc_row][vc_column][vc_column_text el_id=&#8221;homme&#8221; el_class=&#8221;homme&#8221;]D\u00e9couvrez l&#8217;\u00e9l\u00e9gance intemporelle et l&#8217;artisanat raffin\u00e9 \u00e0 travers notre collection exclusive de haute couture pour hommes. Notre boutique en ligne se sp\u00e9cialise dans les pi\u00e8ces orientales et africaines, fusionnant tradition et modernit\u00e9 pour cr\u00e9er des v\u00eatements qui incarnent la richesse culturelle et le style contemporain.<\/p>\n<p><strong>Notre Collection<\/strong> Nous proposons une gamme vari\u00e9e de v\u00eatements qui c\u00e9l\u00e8brent les traditions vestimentaires orientales et africaines. Chaque pi\u00e8ce est con\u00e7ue avec un souci du d\u00e9tail exceptionnel, en utilisant des mat\u00e9riaux nobles et des techniques de couture artisanales.<\/p>\n<p><strong>Un Style Unique &#8211; Un Artisanat et Qualit\u00e9 &#8211; Une Exp\u00e9rience Unique &#8211;\u00a0<\/strong><\/p>\n<p>Passer commande, et b\u00e9n\u00e9ficier d&#8217;un service client d\u00e9di\u00e9 qui vous accompagne tout au long de votre exp\u00e9rience d&#8217;achat.[\/vc_column_text][\/vc_column][\/vc_row][\/vc_section][vc_row][vc_column]<div class=\"woocommerce columns-4\"><ul class=\"products columns-4\">\n<li class=\"product-category product first\">\n\t<a aria-label=\"Visit product category Chemises\" href=\"https:\/\/nathalieleumassi.com\/index.php\/categorie-produit\/homme\/chemises\/\"><img loading=\"lazy\" decoding=\"async\" src=\"https:\/\/nathalieleumassi.com\/wp-content\/uploads\/2017\/04\/premium-991221_1920-300x300.jpg\" alt=\"Chemises\" width=\"300\" height=\"300\" srcset=\"https:\/\/nathalieleumassi.com\/wp-content\/uploads\/2017\/04\/premium-991221_1920-300x300.jpg 300w, https:\/\/nathalieleumassi.com\/wp-content\/uploads\/2017\/04\/premium-991221_1920-100x100.jpg 100w, https:\/\/nathalieleumassi.com\/wp-content\/uploads\/2017\/04\/premium-991221_1920-150x150.jpg 150w\" sizes=\"auto, (max-width: 300px) 100vw, 300px\" \/>\t\t<h2 class=\"woocommerce-loop-category__title\">\n\t\t\tChemises <mark class=\"count\">(1)<\/mark>\t\t<\/h2>\n\t\t<\/a><\/li>\n<li class=\"product-category product\">\n\t<a aria-label=\"Visit product category Caftans\" href=\"https:\/\/nathalieleumassi.com\/index.php\/categorie-produit\/homme\/caftans\/\"><img loading=\"lazy\" decoding=\"async\" src=\"https:\/\/nathalieleumassi.com\/wp-content\/uploads\/2024\/07\/Nat-2-300x300.png\" alt=\"Caftans\" width=\"300\" height=\"300\" srcset=\"https:\/\/nathalieleumassi.com\/wp-content\/uploads\/2024\/07\/Nat-2-300x300.png 300w, https:\/\/nathalieleumassi.com\/wp-content\/uploads\/2024\/07\/Nat-2-150x150.png 150w, https:\/\/nathalieleumassi.com\/wp-content\/uploads\/2024\/07\/Nat-2-100x100.png 100w\" sizes=\"auto, (max-width: 300px) 100vw, 300px\" \/>\t\t<h2 class=\"woocommerce-loop-category__title\">\n\t\t\tCaftans <mark class=\"count\">(3)<\/mark>\t\t<\/h2>\n\t\t<\/a><\/li>\n<\/ul>\n<\/div>[\/vc_column][\/vc_row][vc_section][vc_row full_width=&#8221;stretch_row_content&#8221;][vc_column][vc_separator][\/vc_column][\/vc_row][\/vc_section][vc_row][vc_column]<div class=\"woocommerce columns-4 \"><ul class=\"products columns-4\">\n<li class=\"product type-product post-2533 status-publish first instock product_cat-chemises product_cat-homme has-post-thumbnail shipping-taxable purchasable product-type-simple\">\n\t<a href=\"https:\/\/nathalieleumassi.com\/index.php\/produit\/caftan-soiree\/\" class=\"woocommerce-LoopProduct-link woocommerce-loop-product__link\"><img loading=\"lazy\" decoding=\"async\" width=\"300\" height=\"300\" src=\"https:\/\/nathalieleumassi.com\/wp-content\/uploads\/2024\/07\/Nat-2-300x300.png\" class=\"attachment-woocommerce_thumbnail size-woocommerce_thumbnail\" alt=\"test\" srcset=\"https:\/\/nathalieleumassi.com\/wp-content\/uploads\/2024\/07\/Nat-2-300x300.png 300w, https:\/\/nathalieleumassi.com\/wp-content\/uploads\/2024\/07\/Nat-2-150x150.png 150w, https:\/\/nathalieleumassi.com\/wp-content\/uploads\/2024\/07\/Nat-2-100x100.png 100w\" sizes=\"auto, (max-width: 300px) 100vw, 300px\" \/><h2 class=\"woocommerce-loop-product__title\">Caftan soir\u00e9e<\/h2><div class=\"star-rating\" role=\"img\" aria-label=\"Rated 2.99 out of 5\"><span style=\"width:59.8%\">Rated <strong class=\"rating\">2.99<\/strong> out of 5<\/span><\/div>\n\t<span class=\"price\"><span class=\"woocommerce-Price-amount amount\"><bdi><span class=\"woocommerce-Price-currencySymbol\">&#x62f;.&#x645;.<\/span>&nbsp;1.500,00<\/bdi><\/span><\/span>\n<\/a><a href=\"?add-to-cart=2533\" aria-describedby=\"woocommerce_loop_add_to_cart_link_describedby_2533\" data-quantity=\"1\" class=\"button product_type_simple add_to_cart_button ajax_add_to_cart\" data-product_id=\"2533\" data-product_sku=\"\" aria-label=\"Add to cart: &ldquo;Caftan soir\u00e9e&rdquo;\" rel=\"nofollow\">Add to cart<\/a><span id=\"woocommerce_loop_add_to_cart_link_describedby_2533\" class=\"screen-reader-text\">\n\t<\/span>\n<\/li>\n<li class=\"product type-product post-2585 status-publish instock product_cat-caftans product_cat-homme has-post-thumbnail shipping-taxable purchasable product-type-variable\">\n\t<a href=\"https:\/\/nathalieleumassi.com\/index.php\/produit\/caftan-homme-coton\/\" class=\"woocommerce-LoopProduct-link woocommerce-loop-product__link\"><img loading=\"lazy\" decoding=\"async\" width=\"300\" height=\"300\" src=\"https:\/\/nathalieleumassi.com\/wp-content\/uploads\/2024\/07\/Nat-2-300x300.png\" class=\"attachment-woocommerce_thumbnail size-woocommerce_thumbnail\" alt=\"test\" srcset=\"https:\/\/nathalieleumassi.com\/wp-content\/uploads\/2024\/07\/Nat-2-300x300.png 300w, https:\/\/nathalieleumassi.com\/wp-content\/uploads\/2024\/07\/Nat-2-150x150.png 150w, https:\/\/nathalieleumassi.com\/wp-content\/uploads\/2024\/07\/Nat-2-100x100.png 100w\" sizes=\"auto, (max-width: 300px) 100vw, 300px\" \/><h2 class=\"woocommerce-loop-product__title\">Caftan soir\u00e9e Homme<\/h2><div class=\"star-rating\" role=\"img\" aria-label=\"Rated 1.00 out of 5\"><span style=\"width:20%\">Rated <strong class=\"rating\">1.00<\/strong> out of 5<\/span><\/div>\n\t<span class=\"price\"><span class=\"woocommerce-Price-amount amount\"><bdi><span class=\"woocommerce-Price-currencySymbol\">&#x62f;.&#x645;.<\/span>&nbsp;1.500,00<\/bdi><\/span><\/span>\n<\/a><a href=\"https:\/\/nathalieleumassi.com\/index.php\/produit\/caftan-homme-coton\/\" aria-describedby=\"woocommerce_loop_add_to_cart_link_describedby_2585\" data-quantity=\"1\" class=\"button product_type_variable add_to_cart_button\" data-product_id=\"2585\" data-product_sku=\"\" aria-label=\"Select options for &ldquo;Caftan soir\u00e9e Homme&rdquo;\" rel=\"nofollow\">Select options<\/a><span id=\"woocommerce_loop_add_to_cart_link_describedby_2585\" class=\"screen-reader-text\">\n\tThis product has multiple variants. The options may be chosen on the product page<\/span>\n<\/li>\n<li class=\"product type-product post-2754 status-publish instock product_cat-caftans product_cat-femme has-post-thumbnail shipping-taxable purchasable product-type-variable\">\n\t<a href=\"https:\/\/nathalieleumassi.com\/index.php\/produit\/combi-tradi\/\" class=\"woocommerce-LoopProduct-link woocommerce-loop-product__link\"><img loading=\"lazy\" decoding=\"async\" width=\"300\" height=\"300\" src=\"https:\/\/nathalieleumassi.com\/wp-content\/uploads\/2024\/08\/Untitled-788-x-940-px-3-1-300x300.png\" class=\"attachment-woocommerce_thumbnail size-woocommerce_thumbnail\" alt=\"\" srcset=\"https:\/\/nathalieleumassi.com\/wp-content\/uploads\/2024\/08\/Untitled-788-x-940-px-3-1-300x300.png 300w, https:\/\/nathalieleumassi.com\/wp-content\/uploads\/2024\/08\/Untitled-788-x-940-px-3-1-150x150.png 150w, https:\/\/nathalieleumassi.com\/wp-content\/uploads\/2024\/08\/Untitled-788-x-940-px-3-1-100x100.png 100w\" sizes=\"auto, (max-width: 300px) 100vw, 300px\" \/><h2 class=\"woocommerce-loop-product__title\">Combi tradi<\/h2><div class=\"star-rating\" role=\"img\" aria-label=\"Rated 1.00 out of 5\"><span style=\"width:20%\">Rated <strong class=\"rating\">1.00<\/strong> out of 5<\/span><\/div>\n\t<span class=\"price\"><span class=\"woocommerce-Price-amount amount\"><bdi><span class=\"woocommerce-Price-currencySymbol\">&#x62f;.&#x645;.<\/span>&nbsp;1.600,00<\/bdi><\/span><\/span>\n<\/a><a href=\"https:\/\/nathalieleumassi.com\/index.php\/produit\/combi-tradi\/\" aria-describedby=\"woocommerce_loop_add_to_cart_link_describedby_2754\" data-quantity=\"1\" class=\"button product_type_variable add_to_cart_button\" data-product_id=\"2754\" data-product_sku=\"\" aria-label=\"Select options for &ldquo;Combi tradi&rdquo;\" rel=\"nofollow\">Select options<\/a><span id=\"woocommerce_loop_add_to_cart_link_describedby_2754\" class=\"screen-reader-text\">\n\tThis product has multiple variants. The options may be chosen on the product page<\/span>\n<\/li>\n<li class=\"product type-product post-2766 status-publish last instock product_cat-caftans product_cat-femme has-post-thumbnail shipping-taxable purchasable product-type-variable\">\n\t<a href=\"https:\/\/nathalieleumassi.com\/index.php\/produit\/tunique-brodee\/\" class=\"woocommerce-LoopProduct-link woocommerce-loop-product__link\"><img loading=\"lazy\" decoding=\"async\" width=\"300\" height=\"300\" src=\"https:\/\/nathalieleumassi.com\/wp-content\/uploads\/2024\/08\/Untitled-788-x-940-px-5-300x300.png\" class=\"attachment-woocommerce_thumbnail size-woocommerce_thumbnail\" alt=\"\" srcset=\"https:\/\/nathalieleumassi.com\/wp-content\/uploads\/2024\/08\/Untitled-788-x-940-px-5-300x300.png 300w, https:\/\/nathalieleumassi.com\/wp-content\/uploads\/2024\/08\/Untitled-788-x-940-px-5-150x150.png 150w, https:\/\/nathalieleumassi.com\/wp-content\/uploads\/2024\/08\/Untitled-788-x-940-px-5-180x180.png 180w, https:\/\/nathalieleumassi.com\/wp-content\/uploads\/2024\/08\/Untitled-788-x-940-px-5-100x100.png 100w, https:\/\/nathalieleumassi.com\/wp-content\/uploads\/2024\/08\/Untitled-788-x-940-px-5.png 600w\" sizes=\"auto, (max-width: 300px) 100vw, 300px\" \/><h2 class=\"woocommerce-loop-product__title\">Tunique brod\u00e9e<\/h2>\n\t<span class=\"price\"><span class=\"woocommerce-Price-amount amount\"><bdi><span class=\"woocommerce-Price-currencySymbol\">&#x62f;.&#x645;.<\/span>&nbsp;1.600,00<\/bdi><\/span><\/span>\n<\/a><a href=\"https:\/\/nathalieleumassi.com\/index.php\/produit\/tunique-brodee\/\" aria-describedby=\"woocommerce_loop_add_to_cart_link_describedby_2766\" data-quantity=\"1\" class=\"button product_type_variable add_to_cart_button\" data-product_id=\"2766\" data-product_sku=\"\" aria-label=\"Select options for &ldquo;Tunique brod\u00e9e&rdquo;\" rel=\"nofollow\">Select options<\/a><span id=\"woocommerce_loop_add_to_cart_link_describedby_2766\" class=\"screen-reader-text\">\n\tThis product has multiple variants. The options may be chosen on the product page<\/span>\n<\/li>\n<\/ul>\n<\/div>[\/vc_column][\/vc_row]<\/p>\n<\/section>","protected":false},"excerpt":{"rendered":"<p>[vc_section][vc_row][vc_column][vc_column_text el_id=&#8221;homme&#8221; el_class=&#8221;homme&#8221;]D\u00e9couvrez l&#8217;\u00e9l\u00e9gance intemporelle et l&#8217;artisanat raffin\u00e9 \u00e0 travers notre collection exclusive de haute couture pour hommes. Notre boutique en ligne se sp\u00e9cialise dans les pi\u00e8ces orientales et africaines, fusionnant tradition et modernit\u00e9 pour cr\u00e9er des v\u00eatements qui incarnent la richesse culturelle et le style contemporain. Notre Collection Nous proposons une gamme vari\u00e9e de [&hellip;]<\/p>\n","protected":false},"author":1,"featured_media":0,"parent":0,"menu_order":0,"comment_status":"closed","ping_status":"closed","template":"","meta":{"_monsterinsights_skip_tracking":false,"_monsterinsights_sitenote_active":false,"_monsterinsights_sitenote_note":"","_monsterinsights_sitenote_category":0,"footnotes":""},"class_list":["post-2522","page","type-page","status-publish","hentry"],"yoast_head":"<!-- This site is optimized with the Yoast SEO Premium plugin v23.0 (Yoast SEO v23.0) - https:\/\/yoast.com\/wordpress\/plugins\/seo\/ -->\n<title>Homme - Nathalie Leumassi Couture<\/title>\n<meta name=\"robots\" content=\"index, follow, max-snippet:-1, max-image-preview:large, max-video-preview:-1\" \/>\n<link rel=\"canonical\" href=\"https:\/\/nathalieleumassi.com\/index.php\/boutique-homme\/\" \/>\n<meta property=\"og:locale\" content=\"fr_FR\" \/>\n<meta property=\"og:type\" content=\"article\" \/>\n<meta property=\"og:title\" content=\"Homme\" \/>\n<meta property=\"og:description\" content=\"[vc_section][vc_row][vc_column][vc_column_text el_id=&#8221;homme&#8221; el_class=&#8221;homme&#8221;]D\u00e9couvrez l&#8217;\u00e9l\u00e9gance intemporelle et l&#8217;artisanat raffin\u00e9 \u00e0 travers notre collection exclusive de haute couture pour hommes. Notre boutique en ligne se sp\u00e9cialise dans les pi\u00e8ces orientales et africaines, fusionnant tradition et modernit\u00e9 pour cr\u00e9er des v\u00eatements qui incarnent la richesse culturelle et le style contemporain. Notre Collection Nous proposons une gamme vari\u00e9e de [&hellip;]\" \/>\n<meta property=\"og:url\" content=\"https:\/\/nathalieleumassi.com\/index.php\/boutique-homme\/\" \/>\n<meta property=\"og:site_name\" content=\"Nathalie Leumassi Couture\" \/>\n<meta property=\"article:modified_time\" content=\"2024-08-02T15:46:13+00:00\" \/>\n<meta name=\"twitter:card\" content=\"summary_large_image\" \/>\n<meta name=\"twitter:label1\" content=\"Dur\u00e9e de lecture estim\u00e9e\" \/>\n\t<meta name=\"twitter:data1\" content=\"1 minute\" \/>\n<script type=\"application\/ld+json\" class=\"yoast-schema-graph\">{\"@context\":\"https:\/\/schema.org\",\"@graph\":[{\"@type\":\"WebPage\",\"@id\":\"https:\/\/nathalieleumassi.com\/index.php\/boutique-homme\/\",\"url\":\"https:\/\/nathalieleumassi.com\/index.php\/boutique-homme\/\",\"name\":\"Homme - Nathalie Leumassi Couture\",\"isPartOf\":{\"@id\":\"https:\/\/nathalieleumassi.com\/#website\"},\"datePublished\":\"2024-07-11T17:32:00+00:00\",\"dateModified\":\"2024-08-02T15:46:13+00:00\",\"breadcrumb\":{\"@id\":\"https:\/\/nathalieleumassi.com\/index.php\/boutique-homme\/#breadcrumb\"},\"inLanguage\":\"fr-FR\",\"potentialAction\":[{\"@type\":\"ReadAction\",\"target\":[\"https:\/\/nathalieleumassi.com\/index.php\/boutique-homme\/\"]}]},{\"@type\":\"BreadcrumbList\",\"@id\":\"https:\/\/nathalieleumassi.com\/index.php\/boutique-homme\/#breadcrumb\",\"itemListElement\":[{\"@type\":\"ListItem\",\"position\":1,\"name\":\"Accueil\",\"item\":\"https:\/\/nathalieleumassi.com\/\"},{\"@type\":\"ListItem\",\"position\":2,\"name\":\"Homme\"}]},{\"@type\":\"WebSite\",\"@id\":\"https:\/\/nathalieleumassi.com\/#website\",\"url\":\"https:\/\/nathalieleumassi.com\/\",\"name\":\"Nathalie Leumassi Couture\",\"description\":\"Haute coute, Inspir\u00e9e par l\u2019art et la tradition.\",\"publisher\":{\"@id\":\"https:\/\/nathalieleumassi.com\/#organization\"},\"potentialAction\":[{\"@type\":\"SearchAction\",\"target\":{\"@type\":\"EntryPoint\",\"urlTemplate\":\"https:\/\/nathalieleumassi.com\/?s={search_term_string}\"},\"query-input\":\"required name=search_term_string\"}],\"inLanguage\":\"fr-FR\"},{\"@type\":[\"Organization\",\"Place\"],\"@id\":\"https:\/\/nathalieleumassi.com\/#organization\",\"name\":\"Nathalie Leumassi Couture\",\"url\":\"https:\/\/nathalieleumassi.com\/\",\"logo\":{\"@id\":\"https:\/\/nathalieleumassi.com\/index.php\/boutique-homme\/#local-main-organization-logo\"},\"image\":{\"@id\":\"https:\/\/nathalieleumassi.com\/index.php\/boutique-homme\/#local-main-organization-logo\"},\"telephone\":[],\"openingHoursSpecification\":[{\"@type\":\"OpeningHoursSpecification\",\"dayOfWeek\":[\"Monday\",\"Tuesday\",\"Wednesday\",\"Thursday\",\"Friday\",\"Saturday\",\"Sunday\"],\"opens\":\"09:00\",\"closes\":\"17:00\"}]},{\"@type\":\"ImageObject\",\"inLanguage\":\"fr-FR\",\"@id\":\"https:\/\/nathalieleumassi.com\/index.php\/boutique-homme\/#local-main-organization-logo\",\"url\":\"https:\/\/nathalieleumassi.com\/wp-content\/uploads\/2024\/07\/cropped-N.png\",\"contentUrl\":\"https:\/\/nathalieleumassi.com\/wp-content\/uploads\/2024\/07\/cropped-N.png\",\"width\":250,\"height\":250,\"caption\":\"Nathalie Leumassi Couture\"}]}<\/script>\n<!-- \/ Yoast SEO Premium plugin. -->","yoast_head_json":{"title":"Homme - Nathalie Leumassi Couture","robots":{"index":"index","follow":"follow","max-snippet":"max-snippet:-1","max-image-preview":"max-image-preview:large","max-video-preview":"max-video-preview:-1"},"canonical":"https:\/\/nathalieleumassi.com\/index.php\/boutique-homme\/","og_locale":"fr_FR","og_type":"article","og_title":"Homme","og_description":"[vc_section][vc_row][vc_column][vc_column_text el_id=&#8221;homme&#8221; el_class=&#8221;homme&#8221;]D\u00e9couvrez l&#8217;\u00e9l\u00e9gance intemporelle et l&#8217;artisanat raffin\u00e9 \u00e0 travers notre collection exclusive de haute couture pour hommes. Notre boutique en ligne se sp\u00e9cialise dans les pi\u00e8ces orientales et africaines, fusionnant tradition et modernit\u00e9 pour cr\u00e9er des v\u00eatements qui incarnent la richesse culturelle et le style contemporain. Notre Collection Nous proposons une gamme vari\u00e9e de [&hellip;]","og_url":"https:\/\/nathalieleumassi.com\/index.php\/boutique-homme\/","og_site_name":"Nathalie Leumassi Couture","article_modified_time":"2024-08-02T15:46:13+00:00","twitter_card":"summary_large_image","twitter_misc":{"Dur\u00e9e de lecture estim\u00e9e":"1 minute"},"schema":{"@context":"https:\/\/schema.org","@graph":[{"@type":"WebPage","@id":"https:\/\/nathalieleumassi.com\/index.php\/boutique-homme\/","url":"https:\/\/nathalieleumassi.com\/index.php\/boutique-homme\/","name":"Homme - Nathalie Leumassi Couture","isPartOf":{"@id":"https:\/\/nathalieleumassi.com\/#website"},"datePublished":"2024-07-11T17:32:00+00:00","dateModified":"2024-08-02T15:46:13+00:00","breadcrumb":{"@id":"https:\/\/nathalieleumassi.com\/index.php\/boutique-homme\/#breadcrumb"},"inLanguage":"fr-FR","potentialAction":[{"@type":"ReadAction","target":["https:\/\/nathalieleumassi.com\/index.php\/boutique-homme\/"]}]},{"@type":"BreadcrumbList","@id":"https:\/\/nathalieleumassi.com\/index.php\/boutique-homme\/#breadcrumb","itemListElement":[{"@type":"ListItem","position":1,"name":"Accueil","item":"https:\/\/nathalieleumassi.com\/"},{"@type":"ListItem","position":2,"name":"Homme"}]},{"@type":"WebSite","@id":"https:\/\/nathalieleumassi.com\/#website","url":"https:\/\/nathalieleumassi.com\/","name":"Nathalie Leumassi Couture","description":"Haute coute, Inspir\u00e9e par l\u2019art et la tradition.","publisher":{"@id":"https:\/\/nathalieleumassi.com\/#organization"},"potentialAction":[{"@type":"SearchAction","target":{"@type":"EntryPoint","urlTemplate":"https:\/\/nathalieleumassi.com\/?s={search_term_string}"},"query-input":"required name=search_term_string"}],"inLanguage":"fr-FR"},{"@type":["Organization","Place"],"@id":"https:\/\/nathalieleumassi.com\/#organization","name":"Nathalie Leumassi Couture","url":"https:\/\/nathalieleumassi.com\/","logo":{"@id":"https:\/\/nathalieleumassi.com\/index.php\/boutique-homme\/#local-main-organization-logo"},"image":{"@id":"https:\/\/nathalieleumassi.com\/index.php\/boutique-homme\/#local-main-organization-logo"},"telephone":[],"openingHoursSpecification":[{"@type":"OpeningHoursSpecification","dayOfWeek":["Monday","Tuesday","Wednesday","Thursday","Friday","Saturday","Sunday"],"opens":"09:00","closes":"17:00"}]},{"@type":"ImageObject","inLanguage":"fr-FR","@id":"https:\/\/nathalieleumassi.com\/index.php\/boutique-homme\/#local-main-organization-logo","url":"https:\/\/nathalieleumassi.com\/wp-content\/uploads\/2024\/07\/cropped-N.png","contentUrl":"https:\/\/nathalieleumassi.com\/wp-content\/uploads\/2024\/07\/cropped-N.png","width":250,"height":250,"caption":"Nathalie Leumassi Couture"}]}},"_links":{"self":[{"href":"https:\/\/nathalieleumassi.com\/index.php\/wp-json\/wp\/v2\/pages\/2522","targetHints":{"allow":["GET"]}}],"collection":[{"href":"https:\/\/nathalieleumassi.com\/index.php\/wp-json\/wp\/v2\/pages"}],"about":[{"href":"https:\/\/nathalieleumassi.com\/index.php\/wp-json\/wp\/v2\/types\/page"}],"author":[{"embeddable":true,"href":"https:\/\/nathalieleumassi.com\/index.php\/wp-json\/wp\/v2\/users\/1"}],"replies":[{"embeddable":true,"href":"https:\/\/nathalieleumassi.com\/index.php\/wp-json\/wp\/v2\/comments?post=2522"}],"version-history":[{"count":17,"href":"https:\/\/nathalieleumassi.com\/index.php\/wp-json\/wp\/v2\/pages\/2522\/revisions"}],"predecessor-version":[{"id":2753,"href":"https:\/\/nathalieleumassi.com\/index.php\/wp-json\/wp\/v2\/pages\/2522\/revisions\/2753"}],"wp:attachment":[{"href":"https:\/\/nathalieleumassi.com\/index.php\/wp-json\/wp\/v2\/media?parent=2522"}],"curies":[{"name":"wp","href":"https:\/\/api.w.org\/{rel}","templated":true}]}}