{"id":508,"date":"2017-05-15T15:11:15","date_gmt":"2017-05-15T15:11:15","guid":{"rendered":"http:\/\/wp.mara.kz\/comrepair\/shop\/"},"modified":"2024-08-02T17:43:53","modified_gmt":"2024-08-02T15:43:53","slug":"boutique-femme","status":"publish","type":"page","link":"https:\/\/nathalieleumassi.com\/index.php\/boutique-femme\/","title":{"rendered":"Femme"},"content":{"rendered":"<section class=\"wpb-content-wrapper\"><p>[vc_section][vc_row][vc_column][vc_column_text el_class=&#8221;femme&#8221;]Plongez dans l&#8217;univers raffin\u00e9 de la haute couture avec notre collection f\u00e9minine, o\u00f9 l&#8217;\u00e9l\u00e9gance orientale rencontre l&#8217;exub\u00e9rance africaine. Chaque cr\u00e9ation est une ode \u00e0 la f\u00e9minit\u00e9 et \u00e0 l&#8217;artisanat d&#8217;exception, con\u00e7ue pour magnifier la beaut\u00e9 de chaque femme.<\/p>\n<p><strong>Une Fusion de Cultures<\/strong> Notre collection incarne un mariage harmonieux entre les traditions vestimentaires orientales et africaines. Les coupes fluides, les tissus somptueux, et les d\u00e9tails minutieux se conjuguent pour offrir des pi\u00e8ces uniques qui racontent une histoire riche en culture et en h\u00e9ritage. Chaque tenue est pens\u00e9e pour sublimer vos courbes tout en vous offrant un confort in\u00e9gal\u00e9.<\/p>\n<p><strong>L&#8217;Art de l&#8217;Artisanat &#8211; Un Style pour Chaque Occasion &#8211; Caftans &#8211; Robes de Mari\u00e9es &#8211; autres pi\u00e8ces fortes<\/strong><\/p>\n<p>Rejoignez-nous dans ce voyage o\u00f9 la mode devient une forme d&#8217;art, et laissez-vous envelopper par la magie de la haute couture orientale et africaine.[\/vc_column_text][\/vc_column][\/vc_row][\/vc_section][vc_row][vc_column]<div class=\"woocommerce columns-4\"><ul class=\"products columns-4\">\n<li class=\"product-category product first\">\n\t<a aria-label=\"Visit product category Femme\" href=\"https:\/\/nathalieleumassi.com\/index.php\/categorie-produit\/femme\/\"><img loading=\"lazy\" decoding=\"async\" src=\"https:\/\/nathalieleumassi.com\/wp-content\/uploads\/2017\/05\/seoul-336168_1920-300x300.jpg\" alt=\"Femme\" width=\"300\" height=\"300\" srcset=\"https:\/\/nathalieleumassi.com\/wp-content\/uploads\/2017\/05\/seoul-336168_1920-300x300.jpg 300w, https:\/\/nathalieleumassi.com\/wp-content\/uploads\/2017\/05\/seoul-336168_1920-100x100.jpg 100w, https:\/\/nathalieleumassi.com\/wp-content\/uploads\/2017\/05\/seoul-336168_1920-150x150.jpg 150w\" sizes=\"auto, (max-width: 300px) 100vw, 300px\" \/>\t\t<h2 class=\"woocommerce-loop-category__title\">\n\t\t\tFemme <mark class=\"count\">(3)<\/mark>\t\t<\/h2>\n\t\t<\/a><\/li>\n<\/ul>\n<\/div>[\/vc_column][\/vc_row][vc_section][\/vc_section][vc_row][vc_column]<div class=\"woocommerce columns-4 \"><ul class=\"products columns-4\">\n<li class=\"product type-product post-2591 status-publish first instock product_cat-femme product_cat-robes-soiree has-post-thumbnail shipping-taxable purchasable product-type-variable\">\n\t<a href=\"https:\/\/nathalieleumassi.com\/index.php\/produit\/caftan-soiree-copie-copie\/\" class=\"woocommerce-LoopProduct-link woocommerce-loop-product__link\"><img loading=\"lazy\" decoding=\"async\" width=\"300\" height=\"300\" src=\"https:\/\/nathalieleumassi.com\/wp-content\/uploads\/2024\/07\/Nat-2-300x300.png\" class=\"attachment-woocommerce_thumbnail size-woocommerce_thumbnail\" alt=\"test\" srcset=\"https:\/\/nathalieleumassi.com\/wp-content\/uploads\/2024\/07\/Nat-2-300x300.png 300w, https:\/\/nathalieleumassi.com\/wp-content\/uploads\/2024\/07\/Nat-2-150x150.png 150w, https:\/\/nathalieleumassi.com\/wp-content\/uploads\/2024\/07\/Nat-2-100x100.png 100w\" sizes=\"auto, (max-width: 300px) 100vw, 300px\" \/><h2 class=\"woocommerce-loop-product__title\">Caftan femme<\/h2><div class=\"star-rating\" role=\"img\" aria-label=\"Rated 2.00 out of 5\"><span style=\"width:40%\">Rated <strong class=\"rating\">2.00<\/strong> out of 5<\/span><\/div>\n\t<span class=\"price\"><span class=\"woocommerce-Price-amount amount\"><bdi><span class=\"woocommerce-Price-currencySymbol\">&#x62f;.&#x645;.<\/span>&nbsp;1.600,00<\/bdi><\/span><\/span>\n<\/a><a href=\"https:\/\/nathalieleumassi.com\/index.php\/produit\/caftan-soiree-copie-copie\/\" aria-describedby=\"woocommerce_loop_add_to_cart_link_describedby_2591\" data-quantity=\"1\" class=\"button product_type_variable add_to_cart_button\" data-product_id=\"2591\" data-product_sku=\"\" aria-label=\"Select options for &ldquo;Caftan femme&rdquo;\" rel=\"nofollow\">Select options<\/a><span id=\"woocommerce_loop_add_to_cart_link_describedby_2591\" class=\"screen-reader-text\">\n\tThis product has multiple variants. The options may be chosen on the product page<\/span>\n<\/li>\n<li class=\"product type-product post-2754 status-publish instock product_cat-caftans product_cat-femme has-post-thumbnail shipping-taxable purchasable product-type-variable\">\n\t<a href=\"https:\/\/nathalieleumassi.com\/index.php\/produit\/combi-tradi\/\" class=\"woocommerce-LoopProduct-link woocommerce-loop-product__link\"><img loading=\"lazy\" decoding=\"async\" width=\"300\" height=\"300\" src=\"https:\/\/nathalieleumassi.com\/wp-content\/uploads\/2024\/08\/Untitled-788-x-940-px-3-1-300x300.png\" class=\"attachment-woocommerce_thumbnail size-woocommerce_thumbnail\" alt=\"\" srcset=\"https:\/\/nathalieleumassi.com\/wp-content\/uploads\/2024\/08\/Untitled-788-x-940-px-3-1-300x300.png 300w, https:\/\/nathalieleumassi.com\/wp-content\/uploads\/2024\/08\/Untitled-788-x-940-px-3-1-150x150.png 150w, https:\/\/nathalieleumassi.com\/wp-content\/uploads\/2024\/08\/Untitled-788-x-940-px-3-1-100x100.png 100w\" sizes=\"auto, (max-width: 300px) 100vw, 300px\" \/><h2 class=\"woocommerce-loop-product__title\">Combi tradi<\/h2><div class=\"star-rating\" role=\"img\" aria-label=\"Rated 1.00 out of 5\"><span style=\"width:20%\">Rated <strong class=\"rating\">1.00<\/strong> out of 5<\/span><\/div>\n\t<span class=\"price\"><span class=\"woocommerce-Price-amount amount\"><bdi><span class=\"woocommerce-Price-currencySymbol\">&#x62f;.&#x645;.<\/span>&nbsp;1.600,00<\/bdi><\/span><\/span>\n<\/a><a href=\"https:\/\/nathalieleumassi.com\/index.php\/produit\/combi-tradi\/\" aria-describedby=\"woocommerce_loop_add_to_cart_link_describedby_2754\" data-quantity=\"1\" class=\"button product_type_variable add_to_cart_button\" data-product_id=\"2754\" data-product_sku=\"\" aria-label=\"Select options for &ldquo;Combi tradi&rdquo;\" rel=\"nofollow\">Select options<\/a><span id=\"woocommerce_loop_add_to_cart_link_describedby_2754\" class=\"screen-reader-text\">\n\tThis product has multiple variants. The options may be chosen on the product page<\/span>\n<\/li>\n<li class=\"product type-product post-2766 status-publish instock product_cat-caftans product_cat-femme has-post-thumbnail shipping-taxable purchasable product-type-variable\">\n\t<a href=\"https:\/\/nathalieleumassi.com\/index.php\/produit\/tunique-brodee\/\" class=\"woocommerce-LoopProduct-link woocommerce-loop-product__link\"><img loading=\"lazy\" decoding=\"async\" width=\"300\" height=\"300\" src=\"https:\/\/nathalieleumassi.com\/wp-content\/uploads\/2024\/08\/Untitled-788-x-940-px-5-300x300.png\" class=\"attachment-woocommerce_thumbnail size-woocommerce_thumbnail\" alt=\"\" srcset=\"https:\/\/nathalieleumassi.com\/wp-content\/uploads\/2024\/08\/Untitled-788-x-940-px-5-300x300.png 300w, https:\/\/nathalieleumassi.com\/wp-content\/uploads\/2024\/08\/Untitled-788-x-940-px-5-150x150.png 150w, https:\/\/nathalieleumassi.com\/wp-content\/uploads\/2024\/08\/Untitled-788-x-940-px-5-180x180.png 180w, https:\/\/nathalieleumassi.com\/wp-content\/uploads\/2024\/08\/Untitled-788-x-940-px-5-100x100.png 100w, https:\/\/nathalieleumassi.com\/wp-content\/uploads\/2024\/08\/Untitled-788-x-940-px-5.png 600w\" sizes=\"auto, (max-width: 300px) 100vw, 300px\" \/><h2 class=\"woocommerce-loop-product__title\">Tunique brod\u00e9e<\/h2>\n\t<span class=\"price\"><span class=\"woocommerce-Price-amount amount\"><bdi><span class=\"woocommerce-Price-currencySymbol\">&#x62f;.&#x645;.<\/span>&nbsp;1.600,00<\/bdi><\/span><\/span>\n<\/a><a href=\"https:\/\/nathalieleumassi.com\/index.php\/produit\/tunique-brodee\/\" aria-describedby=\"woocommerce_loop_add_to_cart_link_describedby_2766\" data-quantity=\"1\" class=\"button product_type_variable add_to_cart_button\" data-product_id=\"2766\" data-product_sku=\"\" aria-label=\"Select options for &ldquo;Tunique brod\u00e9e&rdquo;\" rel=\"nofollow\">Select options<\/a><span id=\"woocommerce_loop_add_to_cart_link_describedby_2766\" class=\"screen-reader-text\">\n\tThis product has multiple variants. The options may be chosen on the product page<\/span>\n<\/li>\n<\/ul>\n<\/div>[\/vc_column][\/vc_row]<\/p>\n<\/section>","protected":false},"excerpt":{"rendered":"<p>[vc_section][vc_row][vc_column][vc_column_text el_class=&#8221;femme&#8221;]Plongez dans l&#8217;univers raffin\u00e9 de la haute couture avec notre collection f\u00e9minine, o\u00f9 l&#8217;\u00e9l\u00e9gance orientale rencontre l&#8217;exub\u00e9rance africaine. Chaque cr\u00e9ation est une ode \u00e0 la f\u00e9minit\u00e9 et \u00e0 l&#8217;artisanat d&#8217;exception, con\u00e7ue pour magnifier la beaut\u00e9 de chaque femme. Une Fusion de Cultures Notre collection incarne un mariage harmonieux entre les traditions vestimentaires orientales et [&hellip;]<\/p>\n","protected":false},"author":1,"featured_media":0,"parent":0,"menu_order":0,"comment_status":"closed","ping_status":"closed","template":"","meta":{"_monsterinsights_skip_tracking":false,"_monsterinsights_sitenote_active":false,"_monsterinsights_sitenote_note":"","_monsterinsights_sitenote_category":0,"footnotes":""},"class_list":["post-508","page","type-page","status-publish","hentry"],"yoast_head":"<!-- This site is optimized with the Yoast SEO Premium plugin v23.0 (Yoast SEO v23.0) - https:\/\/yoast.com\/wordpress\/plugins\/seo\/ -->\n<title>Femme - Nathalie Leumassi Couture<\/title>\n<meta name=\"robots\" content=\"index, follow, max-snippet:-1, max-image-preview:large, max-video-preview:-1\" \/>\n<link rel=\"canonical\" href=\"https:\/\/nathalieleumassi.com\/index.php\/boutique-femme\/\" \/>\n<meta property=\"og:locale\" content=\"fr_FR\" \/>\n<meta property=\"og:type\" content=\"article\" \/>\n<meta property=\"og:title\" content=\"Femme\" \/>\n<meta property=\"og:description\" content=\"[vc_section][vc_row][vc_column][vc_column_text el_class=&#8221;femme&#8221;]Plongez dans l&#8217;univers raffin\u00e9 de la haute couture avec notre collection f\u00e9minine, o\u00f9 l&#8217;\u00e9l\u00e9gance orientale rencontre l&#8217;exub\u00e9rance africaine. Chaque cr\u00e9ation est une ode \u00e0 la f\u00e9minit\u00e9 et \u00e0 l&#8217;artisanat d&#8217;exception, con\u00e7ue pour magnifier la beaut\u00e9 de chaque femme. Une Fusion de Cultures Notre collection incarne un mariage harmonieux entre les traditions vestimentaires orientales et [&hellip;]\" \/>\n<meta property=\"og:url\" content=\"https:\/\/nathalieleumassi.com\/index.php\/boutique-femme\/\" \/>\n<meta property=\"og:site_name\" content=\"Nathalie Leumassi Couture\" \/>\n<meta property=\"article:modified_time\" content=\"2024-08-02T15:43:53+00:00\" \/>\n<meta name=\"twitter:card\" content=\"summary_large_image\" \/>\n<meta name=\"twitter:label1\" content=\"Dur\u00e9e de lecture estim\u00e9e\" \/>\n\t<meta name=\"twitter:data1\" content=\"1 minute\" \/>\n<script type=\"application\/ld+json\" class=\"yoast-schema-graph\">{\"@context\":\"https:\/\/schema.org\",\"@graph\":[{\"@type\":\"WebPage\",\"@id\":\"https:\/\/nathalieleumassi.com\/index.php\/boutique-femme\/\",\"url\":\"https:\/\/nathalieleumassi.com\/index.php\/boutique-femme\/\",\"name\":\"Femme - Nathalie Leumassi Couture\",\"isPartOf\":{\"@id\":\"https:\/\/nathalieleumassi.com\/#website\"},\"datePublished\":\"2017-05-15T15:11:15+00:00\",\"dateModified\":\"2024-08-02T15:43:53+00:00\",\"breadcrumb\":{\"@id\":\"https:\/\/nathalieleumassi.com\/index.php\/boutique-femme\/#breadcrumb\"},\"inLanguage\":\"fr-FR\",\"potentialAction\":[{\"@type\":\"ReadAction\",\"target\":[\"https:\/\/nathalieleumassi.com\/index.php\/boutique-femme\/\"]}]},{\"@type\":\"BreadcrumbList\",\"@id\":\"https:\/\/nathalieleumassi.com\/index.php\/boutique-femme\/#breadcrumb\",\"itemListElement\":[{\"@type\":\"ListItem\",\"position\":1,\"name\":\"Accueil\",\"item\":\"https:\/\/nathalieleumassi.com\/\"},{\"@type\":\"ListItem\",\"position\":2,\"name\":\"Femme\"}]},{\"@type\":\"WebSite\",\"@id\":\"https:\/\/nathalieleumassi.com\/#website\",\"url\":\"https:\/\/nathalieleumassi.com\/\",\"name\":\"Nathalie Leumassi Couture\",\"description\":\"Haute coute, Inspir\u00e9e par l\u2019art et la tradition.\",\"publisher\":{\"@id\":\"https:\/\/nathalieleumassi.com\/#organization\"},\"potentialAction\":[{\"@type\":\"SearchAction\",\"target\":{\"@type\":\"EntryPoint\",\"urlTemplate\":\"https:\/\/nathalieleumassi.com\/?s={search_term_string}\"},\"query-input\":\"required name=search_term_string\"}],\"inLanguage\":\"fr-FR\"},{\"@type\":[\"Organization\",\"Place\"],\"@id\":\"https:\/\/nathalieleumassi.com\/#organization\",\"name\":\"Nathalie Leumassi Couture\",\"url\":\"https:\/\/nathalieleumassi.com\/\",\"logo\":{\"@id\":\"https:\/\/nathalieleumassi.com\/index.php\/boutique-femme\/#local-main-organization-logo\"},\"image\":{\"@id\":\"https:\/\/nathalieleumassi.com\/index.php\/boutique-femme\/#local-main-organization-logo\"},\"telephone\":[],\"openingHoursSpecification\":[{\"@type\":\"OpeningHoursSpecification\",\"dayOfWeek\":[\"Monday\",\"Tuesday\",\"Wednesday\",\"Thursday\",\"Friday\",\"Saturday\",\"Sunday\"],\"opens\":\"09:00\",\"closes\":\"17:00\"}]},{\"@type\":\"ImageObject\",\"inLanguage\":\"fr-FR\",\"@id\":\"https:\/\/nathalieleumassi.com\/index.php\/boutique-femme\/#local-main-organization-logo\",\"url\":\"https:\/\/nathalieleumassi.com\/wp-content\/uploads\/2024\/07\/cropped-N.png\",\"contentUrl\":\"https:\/\/nathalieleumassi.com\/wp-content\/uploads\/2024\/07\/cropped-N.png\",\"width\":250,\"height\":250,\"caption\":\"Nathalie Leumassi Couture\"}]}<\/script>\n<!-- \/ Yoast SEO Premium plugin. -->","yoast_head_json":{"title":"Femme - Nathalie Leumassi Couture","robots":{"index":"index","follow":"follow","max-snippet":"max-snippet:-1","max-image-preview":"max-image-preview:large","max-video-preview":"max-video-preview:-1"},"canonical":"https:\/\/nathalieleumassi.com\/index.php\/boutique-femme\/","og_locale":"fr_FR","og_type":"article","og_title":"Femme","og_description":"[vc_section][vc_row][vc_column][vc_column_text el_class=&#8221;femme&#8221;]Plongez dans l&#8217;univers raffin\u00e9 de la haute couture avec notre collection f\u00e9minine, o\u00f9 l&#8217;\u00e9l\u00e9gance orientale rencontre l&#8217;exub\u00e9rance africaine. Chaque cr\u00e9ation est une ode \u00e0 la f\u00e9minit\u00e9 et \u00e0 l&#8217;artisanat d&#8217;exception, con\u00e7ue pour magnifier la beaut\u00e9 de chaque femme. Une Fusion de Cultures Notre collection incarne un mariage harmonieux entre les traditions vestimentaires orientales et [&hellip;]","og_url":"https:\/\/nathalieleumassi.com\/index.php\/boutique-femme\/","og_site_name":"Nathalie Leumassi Couture","article_modified_time":"2024-08-02T15:43:53+00:00","twitter_card":"summary_large_image","twitter_misc":{"Dur\u00e9e de lecture estim\u00e9e":"1 minute"},"schema":{"@context":"https:\/\/schema.org","@graph":[{"@type":"WebPage","@id":"https:\/\/nathalieleumassi.com\/index.php\/boutique-femme\/","url":"https:\/\/nathalieleumassi.com\/index.php\/boutique-femme\/","name":"Femme - Nathalie Leumassi Couture","isPartOf":{"@id":"https:\/\/nathalieleumassi.com\/#website"},"datePublished":"2017-05-15T15:11:15+00:00","dateModified":"2024-08-02T15:43:53+00:00","breadcrumb":{"@id":"https:\/\/nathalieleumassi.com\/index.php\/boutique-femme\/#breadcrumb"},"inLanguage":"fr-FR","potentialAction":[{"@type":"ReadAction","target":["https:\/\/nathalieleumassi.com\/index.php\/boutique-femme\/"]}]},{"@type":"BreadcrumbList","@id":"https:\/\/nathalieleumassi.com\/index.php\/boutique-femme\/#breadcrumb","itemListElement":[{"@type":"ListItem","position":1,"name":"Accueil","item":"https:\/\/nathalieleumassi.com\/"},{"@type":"ListItem","position":2,"name":"Femme"}]},{"@type":"WebSite","@id":"https:\/\/nathalieleumassi.com\/#website","url":"https:\/\/nathalieleumassi.com\/","name":"Nathalie Leumassi Couture","description":"Haute coute, Inspir\u00e9e par l\u2019art et la tradition.","publisher":{"@id":"https:\/\/nathalieleumassi.com\/#organization"},"potentialAction":[{"@type":"SearchAction","target":{"@type":"EntryPoint","urlTemplate":"https:\/\/nathalieleumassi.com\/?s={search_term_string}"},"query-input":"required name=search_term_string"}],"inLanguage":"fr-FR"},{"@type":["Organization","Place"],"@id":"https:\/\/nathalieleumassi.com\/#organization","name":"Nathalie Leumassi Couture","url":"https:\/\/nathalieleumassi.com\/","logo":{"@id":"https:\/\/nathalieleumassi.com\/index.php\/boutique-femme\/#local-main-organization-logo"},"image":{"@id":"https:\/\/nathalieleumassi.com\/index.php\/boutique-femme\/#local-main-organization-logo"},"telephone":[],"openingHoursSpecification":[{"@type":"OpeningHoursSpecification","dayOfWeek":["Monday","Tuesday","Wednesday","Thursday","Friday","Saturday","Sunday"],"opens":"09:00","closes":"17:00"}]},{"@type":"ImageObject","inLanguage":"fr-FR","@id":"https:\/\/nathalieleumassi.com\/index.php\/boutique-femme\/#local-main-organization-logo","url":"https:\/\/nathalieleumassi.com\/wp-content\/uploads\/2024\/07\/cropped-N.png","contentUrl":"https:\/\/nathalieleumassi.com\/wp-content\/uploads\/2024\/07\/cropped-N.png","width":250,"height":250,"caption":"Nathalie Leumassi Couture"}]}},"_links":{"self":[{"href":"https:\/\/nathalieleumassi.com\/index.php\/wp-json\/wp\/v2\/pages\/508","targetHints":{"allow":["GET"]}}],"collection":[{"href":"https:\/\/nathalieleumassi.com\/index.php\/wp-json\/wp\/v2\/pages"}],"about":[{"href":"https:\/\/nathalieleumassi.com\/index.php\/wp-json\/wp\/v2\/types\/page"}],"author":[{"embeddable":true,"href":"https:\/\/nathalieleumassi.com\/index.php\/wp-json\/wp\/v2\/users\/1"}],"replies":[{"embeddable":true,"href":"https:\/\/nathalieleumassi.com\/index.php\/wp-json\/wp\/v2\/comments?post=508"}],"version-history":[{"count":7,"href":"https:\/\/nathalieleumassi.com\/index.php\/wp-json\/wp\/v2\/pages\/508\/revisions"}],"predecessor-version":[{"id":2750,"href":"https:\/\/nathalieleumassi.com\/index.php\/wp-json\/wp\/v2\/pages\/508\/revisions\/2750"}],"wp:attachment":[{"href":"https:\/\/nathalieleumassi.com\/index.php\/wp-json\/wp\/v2\/media?parent=508"}],"curies":[{"name":"wp","href":"https:\/\/api.w.org\/{rel}","templated":true}]}}