{"id":2754,"date":"2024-08-02T17:56:03","date_gmt":"2024-08-02T15:56:03","guid":{"rendered":"https:\/\/nathalieleumassi.com\/?post_type=product&#038;p=2754"},"modified":"2025-06-14T17:46:49","modified_gmt":"2025-06-14T15:46:49","slug":"combi-tradi","status":"publish","type":"product","link":"https:\/\/nathalieleumassi.com\/index.php\/produit\/combi-tradi\/","title":{"rendered":"Combi tradi"},"content":{"rendered":"<p>Sublime tenue verte , de Couturier Maroc. un v\u00eatements ethniques et un v\u00eatements traditionnels pour vos coccasion<\/p>\n<p>&nbsp;<\/p>\n","protected":false},"excerpt":{"rendered":"<p>Sublime caftans homme, de Couturier Maroc. un v\u00eatements ethniques et un v\u00eatements traditionnels pour vos coccasion en coton couleur beige.<\/p>\n","protected":false},"featured_media":2764,"comment_status":"open","ping_status":"closed","template":"","meta":{"_monsterinsights_skip_tracking":false,"_monsterinsights_sitenote_active":false,"_monsterinsights_sitenote_note":"","_monsterinsights_sitenote_category":0},"product_cat":[48,46],"product_tag":[],"class_list":{"0":"post-2754","1":"product","2":"type-product","3":"status-publish","4":"has-post-thumbnail","6":"product_cat-caftans","7":"product_cat-femme","8":"pa_taille-51","9":"pa_taille-52","10":"pa_taille-53","11":"pa_taille-54","12":"pa_taille-55","13":"pa_taille-56","14":"pa_taille-taille-unique","16":"first","17":"instock","18":"shipping-taxable","19":"purchasable","20":"product-type-variable"},"yoast_head":"<!-- This site is optimized with the Yoast SEO Premium plugin v23.0 (Yoast SEO v23.0) - https:\/\/yoast.com\/wordpress\/plugins\/seo\/ -->\n<title>Combi tradi - Nathalie Leumassi Couture<\/title>\n<meta name=\"description\" content=\"v\u00eatements traditionnelsCouturier Maroccaftansv\u00eatements ethniquesv\u00eatements traditionnels\" \/>\n<meta name=\"robots\" content=\"index, follow, max-snippet:-1, max-image-preview:large, max-video-preview:-1\" \/>\n<link rel=\"canonical\" href=\"https:\/\/nathalieleumassi.com\/index.php\/produit\/combi-tradi\/\" \/>\n<meta property=\"og:locale\" content=\"fr_FR\" \/>\n<meta property=\"og:type\" content=\"article\" \/>\n<meta property=\"og:title\" content=\"Combi tradi\" \/>\n<meta property=\"og:description\" content=\"v\u00eatements traditionnelsCouturier Maroccaftansv\u00eatements ethniquesv\u00eatements traditionnels\" \/>\n<meta property=\"og:url\" content=\"https:\/\/nathalieleumassi.com\/index.php\/produit\/combi-tradi\/\" \/>\n<meta property=\"og:site_name\" content=\"Nathalie Leumassi Couture\" \/>\n<meta property=\"article:modified_time\" content=\"2025-06-14T15:46:49+00:00\" \/>\n<meta property=\"og:image\" content=\"https:\/\/nathalieleumassi.com\/wp-content\/uploads\/2024\/08\/Untitled-788-x-940-px-3-1.png\" \/>\n\t<meta property=\"og:image:width\" content=\"600\" \/>\n\t<meta property=\"og:image:height\" content=\"700\" \/>\n\t<meta property=\"og:image:type\" content=\"image\/png\" \/>\n<meta name=\"twitter:card\" content=\"summary_large_image\" \/>\n<meta name=\"twitter:label1\" content=\"Disponibilit\u00e9\" \/>\n\t<meta name=\"twitter:data1\" content=\"En stock\" \/>\n<script type=\"application\/ld+json\" class=\"yoast-schema-graph\">{\"@context\":\"https:\/\/schema.org\",\"@graph\":[{\"@type\":[\"WebPage\",\"ItemPage\"],\"@id\":\"https:\/\/nathalieleumassi.com\/index.php\/produit\/combi-tradi\/\",\"url\":\"https:\/\/nathalieleumassi.com\/index.php\/produit\/combi-tradi\/\",\"name\":\"Combi tradi - Nathalie Leumassi Couture\",\"isPartOf\":{\"@id\":\"https:\/\/nathalieleumassi.com\/#website\"},\"primaryImageOfPage\":{\"@id\":\"https:\/\/nathalieleumassi.com\/index.php\/produit\/combi-tradi\/#primaryimage\"},\"image\":{\"@id\":\"https:\/\/nathalieleumassi.com\/index.php\/produit\/combi-tradi\/#primaryimage\"},\"thumbnailUrl\":\"https:\/\/nathalieleumassi.com\/wp-content\/uploads\/2024\/08\/Untitled-788-x-940-px-3-1.png\",\"datePublished\":\"2024-08-02T15:56:03+00:00\",\"dateModified\":\"2025-06-14T15:46:49+00:00\",\"description\":\"v\u00eatements traditionnelsCouturier Maroccaftansv\u00eatements ethniquesv\u00eatements traditionnels\",\"breadcrumb\":{\"@id\":\"https:\/\/nathalieleumassi.com\/index.php\/produit\/combi-tradi\/#breadcrumb\"},\"inLanguage\":\"fr-FR\",\"potentialAction\":[{\"@type\":\"ReadAction\",\"target\":[\"https:\/\/nathalieleumassi.com\/index.php\/produit\/combi-tradi\/\"]}]},{\"@type\":\"ImageObject\",\"inLanguage\":\"fr-FR\",\"@id\":\"https:\/\/nathalieleumassi.com\/index.php\/produit\/combi-tradi\/#primaryimage\",\"url\":\"https:\/\/nathalieleumassi.com\/wp-content\/uploads\/2024\/08\/Untitled-788-x-940-px-3-1.png\",\"contentUrl\":\"https:\/\/nathalieleumassi.com\/wp-content\/uploads\/2024\/08\/Untitled-788-x-940-px-3-1.png\",\"width\":600,\"height\":700},{\"@type\":\"BreadcrumbList\",\"@id\":\"https:\/\/nathalieleumassi.com\/index.php\/produit\/combi-tradi\/#breadcrumb\",\"itemListElement\":[{\"@type\":\"ListItem\",\"position\":1,\"name\":\"Accueil\",\"item\":\"https:\/\/nathalieleumassi.com\/\"},{\"@type\":\"ListItem\",\"position\":2,\"name\":\"Products\"},{\"@type\":\"ListItem\",\"position\":3,\"name\":\"Combi tradi\"}]},{\"@type\":\"WebSite\",\"@id\":\"https:\/\/nathalieleumassi.com\/#website\",\"url\":\"https:\/\/nathalieleumassi.com\/\",\"name\":\"Nathalie Leumassi Couture\",\"description\":\"Haute coute, Inspir\u00e9e par l\u2019art et la tradition.\",\"publisher\":{\"@id\":\"https:\/\/nathalieleumassi.com\/#organization\"},\"potentialAction\":[{\"@type\":\"SearchAction\",\"target\":{\"@type\":\"EntryPoint\",\"urlTemplate\":\"https:\/\/nathalieleumassi.com\/?s={search_term_string}\"},\"query-input\":\"required name=search_term_string\"}],\"inLanguage\":\"fr-FR\"},{\"@type\":[\"Organization\",\"Place\"],\"@id\":\"https:\/\/nathalieleumassi.com\/#organization\",\"name\":\"Nathalie Leumassi Couture\",\"url\":\"https:\/\/nathalieleumassi.com\/\",\"logo\":{\"@id\":\"https:\/\/nathalieleumassi.com\/index.php\/produit\/combi-tradi\/#local-main-organization-logo\"},\"image\":{\"@id\":\"https:\/\/nathalieleumassi.com\/index.php\/produit\/combi-tradi\/#local-main-organization-logo\"},\"telephone\":[],\"openingHoursSpecification\":[{\"@type\":\"OpeningHoursSpecification\",\"dayOfWeek\":[\"Monday\",\"Tuesday\",\"Wednesday\",\"Thursday\",\"Friday\",\"Saturday\",\"Sunday\"],\"opens\":\"09:00\",\"closes\":\"17:00\"}]},{\"@type\":\"ImageObject\",\"inLanguage\":\"fr-FR\",\"@id\":\"https:\/\/nathalieleumassi.com\/index.php\/produit\/combi-tradi\/#local-main-organization-logo\",\"url\":\"https:\/\/nathalieleumassi.com\/wp-content\/uploads\/2024\/07\/cropped-N.png\",\"contentUrl\":\"https:\/\/nathalieleumassi.com\/wp-content\/uploads\/2024\/07\/cropped-N.png\",\"width\":250,\"height\":250,\"caption\":\"Nathalie Leumassi Couture\"}]}<\/script>\n<meta property=\"og:availability\" content=\"instock\" \/>\n<meta property=\"product:availability\" content=\"instock\" \/>\n<meta property=\"product:condition\" content=\"new\" \/>\n<!-- \/ Yoast SEO Premium plugin. -->","yoast_head_json":{"title":"Combi tradi - Nathalie Leumassi Couture","description":"v\u00eatements traditionnelsCouturier Maroccaftansv\u00eatements ethniquesv\u00eatements traditionnels","robots":{"index":"index","follow":"follow","max-snippet":"max-snippet:-1","max-image-preview":"max-image-preview:large","max-video-preview":"max-video-preview:-1"},"canonical":"https:\/\/nathalieleumassi.com\/index.php\/produit\/combi-tradi\/","og_locale":"fr_FR","og_type":"article","og_title":"Combi tradi","og_description":"v\u00eatements traditionnelsCouturier Maroccaftansv\u00eatements ethniquesv\u00eatements traditionnels","og_url":"https:\/\/nathalieleumassi.com\/index.php\/produit\/combi-tradi\/","og_site_name":"Nathalie Leumassi Couture","article_modified_time":"2025-06-14T15:46:49+00:00","og_image":[{"width":600,"height":700,"url":"https:\/\/nathalieleumassi.com\/wp-content\/uploads\/2024\/08\/Untitled-788-x-940-px-3-1.png","type":"image\/png"}],"twitter_card":"summary_large_image","twitter_misc":{"Disponibilit\u00e9":"En stock"},"schema":{"@context":"https:\/\/schema.org","@graph":[{"@type":["WebPage","ItemPage"],"@id":"https:\/\/nathalieleumassi.com\/index.php\/produit\/combi-tradi\/","url":"https:\/\/nathalieleumassi.com\/index.php\/produit\/combi-tradi\/","name":"Combi tradi - Nathalie Leumassi Couture","isPartOf":{"@id":"https:\/\/nathalieleumassi.com\/#website"},"primaryImageOfPage":{"@id":"https:\/\/nathalieleumassi.com\/index.php\/produit\/combi-tradi\/#primaryimage"},"image":{"@id":"https:\/\/nathalieleumassi.com\/index.php\/produit\/combi-tradi\/#primaryimage"},"thumbnailUrl":"https:\/\/nathalieleumassi.com\/wp-content\/uploads\/2024\/08\/Untitled-788-x-940-px-3-1.png","datePublished":"2024-08-02T15:56:03+00:00","dateModified":"2025-06-14T15:46:49+00:00","description":"v\u00eatements traditionnelsCouturier Maroccaftansv\u00eatements ethniquesv\u00eatements traditionnels","breadcrumb":{"@id":"https:\/\/nathalieleumassi.com\/index.php\/produit\/combi-tradi\/#breadcrumb"},"inLanguage":"fr-FR","potentialAction":[{"@type":"ReadAction","target":["https:\/\/nathalieleumassi.com\/index.php\/produit\/combi-tradi\/"]}]},{"@type":"ImageObject","inLanguage":"fr-FR","@id":"https:\/\/nathalieleumassi.com\/index.php\/produit\/combi-tradi\/#primaryimage","url":"https:\/\/nathalieleumassi.com\/wp-content\/uploads\/2024\/08\/Untitled-788-x-940-px-3-1.png","contentUrl":"https:\/\/nathalieleumassi.com\/wp-content\/uploads\/2024\/08\/Untitled-788-x-940-px-3-1.png","width":600,"height":700},{"@type":"BreadcrumbList","@id":"https:\/\/nathalieleumassi.com\/index.php\/produit\/combi-tradi\/#breadcrumb","itemListElement":[{"@type":"ListItem","position":1,"name":"Accueil","item":"https:\/\/nathalieleumassi.com\/"},{"@type":"ListItem","position":2,"name":"Products"},{"@type":"ListItem","position":3,"name":"Combi tradi"}]},{"@type":"WebSite","@id":"https:\/\/nathalieleumassi.com\/#website","url":"https:\/\/nathalieleumassi.com\/","name":"Nathalie Leumassi Couture","description":"Haute coute, Inspir\u00e9e par l\u2019art et la tradition.","publisher":{"@id":"https:\/\/nathalieleumassi.com\/#organization"},"potentialAction":[{"@type":"SearchAction","target":{"@type":"EntryPoint","urlTemplate":"https:\/\/nathalieleumassi.com\/?s={search_term_string}"},"query-input":"required name=search_term_string"}],"inLanguage":"fr-FR"},{"@type":["Organization","Place"],"@id":"https:\/\/nathalieleumassi.com\/#organization","name":"Nathalie Leumassi Couture","url":"https:\/\/nathalieleumassi.com\/","logo":{"@id":"https:\/\/nathalieleumassi.com\/index.php\/produit\/combi-tradi\/#local-main-organization-logo"},"image":{"@id":"https:\/\/nathalieleumassi.com\/index.php\/produit\/combi-tradi\/#local-main-organization-logo"},"telephone":[],"openingHoursSpecification":[{"@type":"OpeningHoursSpecification","dayOfWeek":["Monday","Tuesday","Wednesday","Thursday","Friday","Saturday","Sunday"],"opens":"09:00","closes":"17:00"}]},{"@type":"ImageObject","inLanguage":"fr-FR","@id":"https:\/\/nathalieleumassi.com\/index.php\/produit\/combi-tradi\/#local-main-organization-logo","url":"https:\/\/nathalieleumassi.com\/wp-content\/uploads\/2024\/07\/cropped-N.png","contentUrl":"https:\/\/nathalieleumassi.com\/wp-content\/uploads\/2024\/07\/cropped-N.png","width":250,"height":250,"caption":"Nathalie Leumassi Couture"}]},"og_availability":"instock","product_availability":"instock","product_condition":"new"},"_links":{"self":[{"href":"https:\/\/nathalieleumassi.com\/index.php\/wp-json\/wp\/v2\/product\/2754","targetHints":{"allow":["GET"]}}],"collection":[{"href":"https:\/\/nathalieleumassi.com\/index.php\/wp-json\/wp\/v2\/product"}],"about":[{"href":"https:\/\/nathalieleumassi.com\/index.php\/wp-json\/wp\/v2\/types\/product"}],"replies":[{"embeddable":true,"href":"https:\/\/nathalieleumassi.com\/index.php\/wp-json\/wp\/v2\/comments?post=2754"}],"wp:featuredmedia":[{"embeddable":true,"href":"https:\/\/nathalieleumassi.com\/index.php\/wp-json\/wp\/v2\/media\/2764"}],"wp:attachment":[{"href":"https:\/\/nathalieleumassi.com\/index.php\/wp-json\/wp\/v2\/media?parent=2754"}],"wp:term":[{"taxonomy":"product_cat","embeddable":true,"href":"https:\/\/nathalieleumassi.com\/index.php\/wp-json\/wp\/v2\/product_cat?post=2754"},{"taxonomy":"product_tag","embeddable":true,"href":"https:\/\/nathalieleumassi.com\/index.php\/wp-json\/wp\/v2\/product_tag?post=2754"}],"curies":[{"name":"wp","href":"https:\/\/api.w.org\/{rel}","templated":true}]}}